{"id":27,"date":"2020-03-08T22:42:16","date_gmt":"2020-03-08T21:42:16","guid":{"rendered":"http:\/\/planeurmaubeuge.fr\/?page_id=27"},"modified":"2020-12-24T23:08:48","modified_gmt":"2020-12-24T22:08:48","slug":"le-vol-dinitiation","status":"publish","type":"page","link":"https:\/\/planeurmaubeuge.fr\/index.php\/le-vol-dinitiation\/","title":{"rendered":"Le vol d&rsquo;initiation"},"content":{"rendered":"\n<h2 class=\"has-text-align-center wp-block-heading\">VOLEZ !<\/h2>\n\n\n\n<figure class=\"wp-block-image\"><img loading=\"lazy\" decoding=\"async\" width=\"1024\" height=\"681\" src=\"http:\/\/planeurmaubeuge.fr\/wp-content\/uploads\/2020\/03\/back1-1-1024x681.jpg\" alt=\"\" class=\"wp-image-241\" srcset=\"https:\/\/planeurmaubeuge.fr\/wp-content\/uploads\/2020\/03\/back1-1-1024x681.jpg 1024w, https:\/\/planeurmaubeuge.fr\/wp-content\/uploads\/2020\/03\/back1-1-300x200.jpg 300w, https:\/\/planeurmaubeuge.fr\/wp-content\/uploads\/2020\/03\/back1-1-768x511.jpg 768w, https:\/\/planeurmaubeuge.fr\/wp-content\/uploads\/2020\/03\/back1-1-1536x1022.jpg 1536w, https:\/\/planeurmaubeuge.fr\/wp-content\/uploads\/2020\/03\/back1-1.jpg 1539w\" sizes=\"auto, (max-width: 1024px) 100vw, 1024px\" \/><\/figure>\n\n\n\n<h3 class=\"wp-block-heading\">Comment se d\u00e9roule le vol ?<\/h3>\n\n\n\n<p>Vous vous installez \u00e0 bord d&rsquo;un planeur ou d&rsquo;un motoplaneur. Accompagn\u00e9 d&rsquo;un pilote sp\u00e9cialement qualifi\u00e9 pour cette activit\u00e9 vous effectuez un vol d&rsquo;environ 30 minutes (selon les conditions m\u00e9t\u00e9o). A une altitude d&rsquo;au moins 500m, vous pourrez observer notre r\u00e9gion sous un angle unique et d\u00e9couvrir le plaisir de voler en silence.&nbsp;<\/p>\n\n\n\n<p>Au sol, vous pourrez rencontrer d&rsquo;autres pilotes du club. N&rsquo;h\u00e9sitez pas \u00e0 leur poser toutes vos questions, tous nos pilotes sont des passionn\u00e9s de vol \u00e0 voile qui se font un plaisir de partager leur passion.<\/p>\n\n\n\n<h3 class=\"wp-block-heading\">Comment nous rejoindre ?<\/h3>\n\n\n\n<p>Pour savoir comment acc\u00e9der \u00e0 nos locaux, consultez la page : <a href=\"http:\/\/planeurmaubeuge.fr\/index.php\/acces\/\">Plan d&rsquo;acc\u00e8s<\/a><\/p>\n\n\n\n<p>ATTENTION : Les GPS peuvent vous conduire du mauvais c\u00f4t\u00e9 de l&rsquo;a\u00e9rodrome. Pour \u00e9viter toute surprise, v\u00e9rifier que l&rsquo;adresse indiqu\u00e9e par votre GPS est bien celle mentionn\u00e9e sur notre page : <\/p>\n\n\n\n<h3 class=\"wp-block-heading\">Modalit\u00e9s<\/h3>\n\n\n\n<ul class=\"wp-block-list\"><li><strong>M\u00e9t\u00e9o :<\/strong>&nbsp;La r\u00e9alisation du vol est d\u00e9pendante des conditions m\u00e9t\u00e9o et du nombre de places disponibles.<\/li><li><strong>Equipements &nbsp;:<\/strong>&nbsp;Lunettes de soleil, chapeau.<\/li><li><strong>Paiement :<\/strong>&nbsp;Le jour du vol en&nbsp;ch\u00e8ques, esp\u00e8ces ou&nbsp;ch\u00e8ques-vacances.<\/li><li><strong>Taille et poids :<\/strong>&nbsp;Poids habill\u00e9 inf\u00e9rieur \u00e0 105 kg, taille sup\u00e9rieure \u00e0 1m50.<\/li><li><strong>Age :<\/strong>&nbsp;Minimum de 14 ans recommand\u00e9.<\/li><li><strong>Assurance<\/strong> : Pour tous nos vols d&rsquo;initiation, une  assurance est comprise dans le prix du vol.<\/li><li><strong>Contre-indications :<\/strong>&nbsp;Il est n\u00e9cessaire de ne pas&nbsp;avoir effectu\u00e9 de plong\u00e9e profonde dans les derni\u00e8res 48 heures. L&rsquo;\u00e9tat de grossesse est d\u00e9conseill\u00e9.&nbsp;A titre indicatif et non exhaustif, la prise de certains m\u00e9dicaments ou tranquillisants, les maladies et les s\u00e9quelles cardio-vasculaires, les traumatismes cr\u00e2niens et du rachis, certaines op\u00e9rations chirurgicales, l&rsquo;\u00e9pilepsie et probl\u00e8mes ORL, n\u00e9cessitent un avis m\u00e9dical. En cas de doute sur votre aptitude physique \u00e0 r\u00e9aliser un vol, vous \u00eates invit\u00e9 \u00e0 consulter un m\u00e9decin.<\/li><\/ul>\n\n\n\n<h3 class=\"wp-block-heading\">Pour aller plus loin &#8230;<\/h3>\n\n\n\n<p>Votre vol d&rsquo;initiation vous a \u00e9merveill\u00e9 et vous souhaitez en savoir plus sur le fonctionnement d&rsquo;un planeur et les techniques de pilotage ? Inscrivez vous <a href=\"http:\/\/planeurmaubeuge.fr\/index.php\/la-formation\/\">en formation<\/a> pour d\u00e9crocher votre brevet de pilote planeur !<\/p>\n","protected":false},"excerpt":{"rendered":"<p>VOLEZ ! Comment se d\u00e9roule le vol ? Vous vous installez \u00e0 bord d&rsquo;un planeur ou d&rsquo;un motoplaneur. Accompagn\u00e9 d&rsquo;un pilote sp\u00e9cialement qualifi\u00e9 pour cette&#8230;<\/p>\n","protected":false},"author":1,"featured_media":0,"parent":0,"menu_order":0,"comment_status":"closed","ping_status":"closed","template":"","meta":{"footnotes":""},"class_list":["post-27","page","type-page","status-publish","hentry"],"yoast_head":"<!-- This site is optimized with the Yoast SEO plugin v27.5 - https:\/\/yoast.com\/product\/yoast-seo-wordpress\/ -->\n<title>Le vol d&#039;initiation &#8212; Planeur Maubeuge<\/title>\n<meta name=\"robots\" content=\"index, follow, max-snippet:-1, max-image-preview:large, max-video-preview:-1\" \/>\n<link rel=\"canonical\" href=\"https:\/\/planeurmaubeuge.fr\/index.php\/le-vol-dinitiation\/\" \/>\n<meta property=\"og:locale\" content=\"fr_FR\" \/>\n<meta property=\"og:type\" content=\"article\" \/>\n<meta property=\"og:title\" content=\"Le vol d&#039;initiation &#8212; Planeur Maubeuge\" \/>\n<meta property=\"og:description\" content=\"VOLEZ ! Comment se d\u00e9roule le vol ? Vous vous installez \u00e0 bord d&rsquo;un planeur ou d&rsquo;un motoplaneur. Accompagn\u00e9 d&rsquo;un pilote sp\u00e9cialement qualifi\u00e9 pour cette...\" \/>\n<meta property=\"og:url\" content=\"https:\/\/planeurmaubeuge.fr\/index.php\/le-vol-dinitiation\/\" \/>\n<meta property=\"og:site_name\" content=\"Planeur Maubeuge\" \/>\n<meta property=\"article:publisher\" content=\"https:\/\/www.facebook.com\/PlaneurMaubeuge\/\" \/>\n<meta property=\"article:modified_time\" content=\"2020-12-24T22:08:48+00:00\" \/>\n<meta property=\"og:image\" content=\"http:\/\/planeurmaubeuge.fr\/wp-content\/uploads\/2020\/03\/back1-1-1024x681.jpg\" \/>\n<meta name=\"twitter:card\" content=\"summary_large_image\" \/>\n<meta name=\"twitter:label1\" content=\"Dur\u00e9e de lecture estim\u00e9e\" \/>\n\t<meta name=\"twitter:data1\" content=\"2 minutes\" \/>\n<script type=\"application\/ld+json\" class=\"yoast-schema-graph\">{\"@context\":\"https:\\\/\\\/schema.org\",\"@graph\":[{\"@type\":\"WebPage\",\"@id\":\"https:\\\/\\\/planeurmaubeuge.fr\\\/index.php\\\/le-vol-dinitiation\\\/\",\"url\":\"https:\\\/\\\/planeurmaubeuge.fr\\\/index.php\\\/le-vol-dinitiation\\\/\",\"name\":\"Le vol d'initiation &#8212; Planeur Maubeuge\",\"isPartOf\":{\"@id\":\"https:\\\/\\\/planeurmaubeuge.fr\\\/#website\"},\"primaryImageOfPage\":{\"@id\":\"https:\\\/\\\/planeurmaubeuge.fr\\\/index.php\\\/le-vol-dinitiation\\\/#primaryimage\"},\"image\":{\"@id\":\"https:\\\/\\\/planeurmaubeuge.fr\\\/index.php\\\/le-vol-dinitiation\\\/#primaryimage\"},\"thumbnailUrl\":\"http:\\\/\\\/planeurmaubeuge.fr\\\/wp-content\\\/uploads\\\/2020\\\/03\\\/back1-1-1024x681.jpg\",\"datePublished\":\"2020-03-08T21:42:16+00:00\",\"dateModified\":\"2020-12-24T22:08:48+00:00\",\"breadcrumb\":{\"@id\":\"https:\\\/\\\/planeurmaubeuge.fr\\\/index.php\\\/le-vol-dinitiation\\\/#breadcrumb\"},\"inLanguage\":\"fr-FR\",\"potentialAction\":[{\"@type\":\"ReadAction\",\"target\":[\"https:\\\/\\\/planeurmaubeuge.fr\\\/index.php\\\/le-vol-dinitiation\\\/\"]}]},{\"@type\":\"ImageObject\",\"inLanguage\":\"fr-FR\",\"@id\":\"https:\\\/\\\/planeurmaubeuge.fr\\\/index.php\\\/le-vol-dinitiation\\\/#primaryimage\",\"url\":\"https:\\\/\\\/planeurmaubeuge.fr\\\/wp-content\\\/uploads\\\/2020\\\/03\\\/back1-1.jpg\",\"contentUrl\":\"https:\\\/\\\/planeurmaubeuge.fr\\\/wp-content\\\/uploads\\\/2020\\\/03\\\/back1-1.jpg\",\"width\":1539,\"height\":1024},{\"@type\":\"BreadcrumbList\",\"@id\":\"https:\\\/\\\/planeurmaubeuge.fr\\\/index.php\\\/le-vol-dinitiation\\\/#breadcrumb\",\"itemListElement\":[{\"@type\":\"ListItem\",\"position\":1,\"name\":\"Accueil\",\"item\":\"https:\\\/\\\/planeurmaubeuge.fr\\\/\"},{\"@type\":\"ListItem\",\"position\":2,\"name\":\"Le vol d&rsquo;initiation\"}]},{\"@type\":\"WebSite\",\"@id\":\"https:\\\/\\\/planeurmaubeuge.fr\\\/#website\",\"url\":\"https:\\\/\\\/planeurmaubeuge.fr\\\/\",\"name\":\"PlaneurMaubeuge\",\"description\":\"CAVA\",\"publisher\":{\"@id\":\"https:\\\/\\\/planeurmaubeuge.fr\\\/#organization\"},\"potentialAction\":[{\"@type\":\"SearchAction\",\"target\":{\"@type\":\"EntryPoint\",\"urlTemplate\":\"https:\\\/\\\/planeurmaubeuge.fr\\\/?s={search_term_string}\"},\"query-input\":{\"@type\":\"PropertyValueSpecification\",\"valueRequired\":true,\"valueName\":\"search_term_string\"}}],\"inLanguage\":\"fr-FR\"},{\"@type\":\"Organization\",\"@id\":\"https:\\\/\\\/planeurmaubeuge.fr\\\/#organization\",\"name\":\"Planeur Maubeuge - CAVA\",\"url\":\"https:\\\/\\\/planeurmaubeuge.fr\\\/\",\"logo\":{\"@type\":\"ImageObject\",\"inLanguage\":\"fr-FR\",\"@id\":\"https:\\\/\\\/planeurmaubeuge.fr\\\/#\\\/schema\\\/logo\\\/image\\\/\",\"url\":\"http:\\\/\\\/planeurmaubeuge.fr\\\/wp-content\\\/uploads\\\/2020\\\/03\\\/Logo_CAVA_Bleu.png\",\"contentUrl\":\"http:\\\/\\\/planeurmaubeuge.fr\\\/wp-content\\\/uploads\\\/2020\\\/03\\\/Logo_CAVA_Bleu.png\",\"width\":4125,\"height\":3653,\"caption\":\"Planeur Maubeuge - CAVA\"},\"image\":{\"@id\":\"https:\\\/\\\/planeurmaubeuge.fr\\\/#\\\/schema\\\/logo\\\/image\\\/\"},\"sameAs\":[\"https:\\\/\\\/www.facebook.com\\\/PlaneurMaubeuge\\\/\",\"https:\\\/\\\/www.instagram.com\\\/planeur_maubeuge\\\/\"]}]}<\/script>\n<!-- \/ Yoast SEO plugin. -->","yoast_head_json":{"title":"Le vol d'initiation &#8212; Planeur Maubeuge","robots":{"index":"index","follow":"follow","max-snippet":"max-snippet:-1","max-image-preview":"max-image-preview:large","max-video-preview":"max-video-preview:-1"},"canonical":"https:\/\/planeurmaubeuge.fr\/index.php\/le-vol-dinitiation\/","og_locale":"fr_FR","og_type":"article","og_title":"Le vol d'initiation &#8212; Planeur Maubeuge","og_description":"VOLEZ ! Comment se d\u00e9roule le vol ? Vous vous installez \u00e0 bord d&rsquo;un planeur ou d&rsquo;un motoplaneur. Accompagn\u00e9 d&rsquo;un pilote sp\u00e9cialement qualifi\u00e9 pour cette...","og_url":"https:\/\/planeurmaubeuge.fr\/index.php\/le-vol-dinitiation\/","og_site_name":"Planeur Maubeuge","article_publisher":"https:\/\/www.facebook.com\/PlaneurMaubeuge\/","article_modified_time":"2020-12-24T22:08:48+00:00","og_image":[{"url":"http:\/\/planeurmaubeuge.fr\/wp-content\/uploads\/2020\/03\/back1-1-1024x681.jpg","type":"","width":"","height":""}],"twitter_card":"summary_large_image","twitter_misc":{"Dur\u00e9e de lecture estim\u00e9e":"2 minutes"},"schema":{"@context":"https:\/\/schema.org","@graph":[{"@type":"WebPage","@id":"https:\/\/planeurmaubeuge.fr\/index.php\/le-vol-dinitiation\/","url":"https:\/\/planeurmaubeuge.fr\/index.php\/le-vol-dinitiation\/","name":"Le vol d'initiation &#8212; Planeur Maubeuge","isPartOf":{"@id":"https:\/\/planeurmaubeuge.fr\/#website"},"primaryImageOfPage":{"@id":"https:\/\/planeurmaubeuge.fr\/index.php\/le-vol-dinitiation\/#primaryimage"},"image":{"@id":"https:\/\/planeurmaubeuge.fr\/index.php\/le-vol-dinitiation\/#primaryimage"},"thumbnailUrl":"http:\/\/planeurmaubeuge.fr\/wp-content\/uploads\/2020\/03\/back1-1-1024x681.jpg","datePublished":"2020-03-08T21:42:16+00:00","dateModified":"2020-12-24T22:08:48+00:00","breadcrumb":{"@id":"https:\/\/planeurmaubeuge.fr\/index.php\/le-vol-dinitiation\/#breadcrumb"},"inLanguage":"fr-FR","potentialAction":[{"@type":"ReadAction","target":["https:\/\/planeurmaubeuge.fr\/index.php\/le-vol-dinitiation\/"]}]},{"@type":"ImageObject","inLanguage":"fr-FR","@id":"https:\/\/planeurmaubeuge.fr\/index.php\/le-vol-dinitiation\/#primaryimage","url":"https:\/\/planeurmaubeuge.fr\/wp-content\/uploads\/2020\/03\/back1-1.jpg","contentUrl":"https:\/\/planeurmaubeuge.fr\/wp-content\/uploads\/2020\/03\/back1-1.jpg","width":1539,"height":1024},{"@type":"BreadcrumbList","@id":"https:\/\/planeurmaubeuge.fr\/index.php\/le-vol-dinitiation\/#breadcrumb","itemListElement":[{"@type":"ListItem","position":1,"name":"Accueil","item":"https:\/\/planeurmaubeuge.fr\/"},{"@type":"ListItem","position":2,"name":"Le vol d&rsquo;initiation"}]},{"@type":"WebSite","@id":"https:\/\/planeurmaubeuge.fr\/#website","url":"https:\/\/planeurmaubeuge.fr\/","name":"PlaneurMaubeuge","description":"CAVA","publisher":{"@id":"https:\/\/planeurmaubeuge.fr\/#organization"},"potentialAction":[{"@type":"SearchAction","target":{"@type":"EntryPoint","urlTemplate":"https:\/\/planeurmaubeuge.fr\/?s={search_term_string}"},"query-input":{"@type":"PropertyValueSpecification","valueRequired":true,"valueName":"search_term_string"}}],"inLanguage":"fr-FR"},{"@type":"Organization","@id":"https:\/\/planeurmaubeuge.fr\/#organization","name":"Planeur Maubeuge - CAVA","url":"https:\/\/planeurmaubeuge.fr\/","logo":{"@type":"ImageObject","inLanguage":"fr-FR","@id":"https:\/\/planeurmaubeuge.fr\/#\/schema\/logo\/image\/","url":"http:\/\/planeurmaubeuge.fr\/wp-content\/uploads\/2020\/03\/Logo_CAVA_Bleu.png","contentUrl":"http:\/\/planeurmaubeuge.fr\/wp-content\/uploads\/2020\/03\/Logo_CAVA_Bleu.png","width":4125,"height":3653,"caption":"Planeur Maubeuge - CAVA"},"image":{"@id":"https:\/\/planeurmaubeuge.fr\/#\/schema\/logo\/image\/"},"sameAs":["https:\/\/www.facebook.com\/PlaneurMaubeuge\/","https:\/\/www.instagram.com\/planeur_maubeuge\/"]}]}},"_links":{"self":[{"href":"https:\/\/planeurmaubeuge.fr\/index.php\/wp-json\/wp\/v2\/pages\/27","targetHints":{"allow":["GET"]}}],"collection":[{"href":"https:\/\/planeurmaubeuge.fr\/index.php\/wp-json\/wp\/v2\/pages"}],"about":[{"href":"https:\/\/planeurmaubeuge.fr\/index.php\/wp-json\/wp\/v2\/types\/page"}],"author":[{"embeddable":true,"href":"https:\/\/planeurmaubeuge.fr\/index.php\/wp-json\/wp\/v2\/users\/1"}],"replies":[{"embeddable":true,"href":"https:\/\/planeurmaubeuge.fr\/index.php\/wp-json\/wp\/v2\/comments?post=27"}],"version-history":[{"count":9,"href":"https:\/\/planeurmaubeuge.fr\/index.php\/wp-json\/wp\/v2\/pages\/27\/revisions"}],"predecessor-version":[{"id":315,"href":"https:\/\/planeurmaubeuge.fr\/index.php\/wp-json\/wp\/v2\/pages\/27\/revisions\/315"}],"wp:attachment":[{"href":"https:\/\/planeurmaubeuge.fr\/index.php\/wp-json\/wp\/v2\/media?parent=27"}],"curies":[{"name":"wp","href":"https:\/\/api.w.org\/{rel}","templated":true}]}}