{"id":28,"date":"2020-03-08T22:42:16","date_gmt":"2020-03-08T21:42:16","guid":{"rendered":"http:\/\/planeurmaubeuge.fr\/?page_id=28"},"modified":"2021-05-25T23:41:18","modified_gmt":"2021-05-25T21:41:18","slug":"forfaits-decouverte","status":"publish","type":"page","link":"https:\/\/planeurmaubeuge.fr\/index.php\/forfaits-decouverte\/","title":{"rendered":"Forfaits d\u00e9couverte"},"content":{"rendered":"\n<h2 class=\"has-text-align-center wp-block-heading\">A vous les commandes !<\/h2>\n\n\n\n<figure class=\"wp-block-image size-large\"><img loading=\"lazy\" decoding=\"async\" width=\"1024\" height=\"576\" src=\"http:\/\/planeurmaubeuge.fr\/wp-content\/uploads\/2020\/03\/REPAS-8-1024x576.jpg\" alt=\"\" class=\"wp-image-239\" srcset=\"https:\/\/planeurmaubeuge.fr\/wp-content\/uploads\/2020\/03\/REPAS-8-1024x576.jpg 1024w, https:\/\/planeurmaubeuge.fr\/wp-content\/uploads\/2020\/03\/REPAS-8-300x169.jpg 300w, https:\/\/planeurmaubeuge.fr\/wp-content\/uploads\/2020\/03\/REPAS-8-768x432.jpg 768w, https:\/\/planeurmaubeuge.fr\/wp-content\/uploads\/2020\/03\/REPAS-8-1536x864.jpg 1536w, https:\/\/planeurmaubeuge.fr\/wp-content\/uploads\/2020\/03\/REPAS-8.jpg 2048w\" sizes=\"auto, (max-width: 1024px) 100vw, 1024px\" \/><\/figure>\n\n\n\n<p>Si vous avez ador\u00e9 votre vol d&rsquo;initiation ou si vous souhaitez apprendre les rudiments du pilotage d&rsquo;un planeur, notre club vous propose <strong>deux packs d\u00e9couverte<\/strong>. Dans ce cadre, les vols seront r\u00e9alis\u00e9s \u00e0 bord d&rsquo;un <strong>planeur biplace avec un pilote instructeur<\/strong>. Dans ce type de planeur, toutes les commandes sont doubl\u00e9es : <strong>l&rsquo;instructeur vous laissera piloter<\/strong> sous sa supervision. <\/p>\n\n\n\n<h2 class=\"wp-block-heading\">Pack 3 vols<\/h2>\n\n\n\n<p>Ce pack est id\u00e9al pour renouveler l&rsquo;exp\u00e9rience et en d\u00e9couvrir d&rsquo;avantage ! <strong>Avec un instructeur<\/strong> responsable du vol, vous prendrez vos rep\u00e8res <strong>aux commandes<\/strong> <strong>d&rsquo;un planeur<\/strong> et vous serez <strong>sensibilis\u00e9 au pilotage<\/strong>.  Vous apprendrez notamment \u00e0 diriger le planeur dans toutes les directions et vous <strong>ferez connaissance avec les ascendances<\/strong> ! A l&rsquo;issue du pack 3 vols, vous pourrez bien \u00e9videmment vous inscrire pour une <a href=\"http:\/\/planeurmaubeuge.fr\/index.php\/la-formation\/\">formation compl\u00e8te<\/a> si vous le d\u00e9sirez.<\/p>\n\n\n\n<h2 class=\"wp-block-heading\">Pack 6 vols<\/h2>\n\n\n\n<p>Le pack <strong>6 vols<\/strong>, c&rsquo;est le <strong>d\u00e9but de la formation<\/strong>. Apr\u00e8s avoir appr\u00e9hend\u00e9 la troisi\u00e8me dimension et les effets primaires des gouvernes, votre instructeur vous <strong>formera au pilotage<\/strong> de base. Avec ce pack, vous serez capable d&rsquo;effectuer des <strong>lignes droites et des virages<\/strong> comme tous les autres pilotes de planeur ! Une fois ces 6 vols effectu\u00e9s, il est possible de <strong>continuer votre <a href=\"http:\/\/planeurmaubeuge.fr\/index.php\/la-formation\/\">formation compl\u00e8te<\/a><\/strong> pour obtenir votre brevet de pilote planeur !<\/p>\n\n\n\n<p>Si vous poursuivez votre formation dans notre club, le prix des packs d\u00e9couverte sera d\u00e9duit du prix d&rsquo;une formation compl\u00e8te.<\/p>\n\n\n\n<div class=\"wp-block-image\"><figure class=\"aligncenter size-large is-resized\"><a href=\"http:\/\/planeurmaubeuge.fr\/index.php\/events\/\" target=\"_blank\" rel=\"noopener\"><img loading=\"lazy\" decoding=\"async\" src=\"http:\/\/planeurmaubeuge.fr\/wp-content\/uploads\/2021\/05\/pngegg-1.png\" alt=\"\" class=\"wp-image-340\" width=\"110\" height=\"92\" srcset=\"https:\/\/planeurmaubeuge.fr\/wp-content\/uploads\/2021\/05\/pngegg-1.png 863w, https:\/\/planeurmaubeuge.fr\/wp-content\/uploads\/2021\/05\/pngegg-1-300x252.png 300w, https:\/\/planeurmaubeuge.fr\/wp-content\/uploads\/2021\/05\/pngegg-1-768x646.png 768w\" sizes=\"auto, (max-width: 110px) 100vw, 110px\" \/><\/a><figcaption> Dates de stage<\/figcaption><\/figure><\/div>\n\n\n\n<p><\/p>\n","protected":false},"excerpt":{"rendered":"<p>A vous les commandes ! Si vous avez ador\u00e9 votre vol d&rsquo;initiation ou si vous souhaitez apprendre les rudiments du pilotage d&rsquo;un planeur, notre club&#8230;<\/p>\n","protected":false},"author":1,"featured_media":0,"parent":0,"menu_order":0,"comment_status":"closed","ping_status":"closed","template":"","meta":{"footnotes":""},"class_list":["post-28","page","type-page","status-publish","hentry"],"yoast_head":"<!-- This site is optimized with the Yoast SEO plugin v27.5 - https:\/\/yoast.com\/product\/yoast-seo-wordpress\/ -->\n<title>Forfaits d\u00e9couverte &#8212; Planeur Maubeuge<\/title>\n<meta name=\"robots\" content=\"index, follow, max-snippet:-1, max-image-preview:large, max-video-preview:-1\" \/>\n<link rel=\"canonical\" href=\"https:\/\/planeurmaubeuge.fr\/index.php\/forfaits-decouverte\/\" \/>\n<meta property=\"og:locale\" content=\"fr_FR\" \/>\n<meta property=\"og:type\" content=\"article\" \/>\n<meta property=\"og:title\" content=\"Forfaits d\u00e9couverte &#8212; Planeur Maubeuge\" \/>\n<meta property=\"og:description\" content=\"A vous les commandes ! Si vous avez ador\u00e9 votre vol d&rsquo;initiation ou si vous souhaitez apprendre les rudiments du pilotage d&rsquo;un planeur, notre club...\" \/>\n<meta property=\"og:url\" content=\"https:\/\/planeurmaubeuge.fr\/index.php\/forfaits-decouverte\/\" \/>\n<meta property=\"og:site_name\" content=\"Planeur Maubeuge\" \/>\n<meta property=\"article:publisher\" content=\"https:\/\/www.facebook.com\/PlaneurMaubeuge\/\" \/>\n<meta property=\"article:modified_time\" content=\"2021-05-25T21:41:18+00:00\" \/>\n<meta property=\"og:image\" content=\"http:\/\/planeurmaubeuge.fr\/wp-content\/uploads\/2020\/03\/REPAS-8-1024x576.jpg\" \/>\n<meta name=\"twitter:card\" content=\"summary_large_image\" \/>\n<meta name=\"twitter:label1\" content=\"Dur\u00e9e de lecture estim\u00e9e\" \/>\n\t<meta name=\"twitter:data1\" content=\"2 minutes\" \/>\n<script type=\"application\/ld+json\" class=\"yoast-schema-graph\">{\"@context\":\"https:\\\/\\\/schema.org\",\"@graph\":[{\"@type\":\"WebPage\",\"@id\":\"https:\\\/\\\/planeurmaubeuge.fr\\\/index.php\\\/forfaits-decouverte\\\/\",\"url\":\"https:\\\/\\\/planeurmaubeuge.fr\\\/index.php\\\/forfaits-decouverte\\\/\",\"name\":\"Forfaits d\u00e9couverte &#8212; Planeur Maubeuge\",\"isPartOf\":{\"@id\":\"https:\\\/\\\/planeurmaubeuge.fr\\\/#website\"},\"primaryImageOfPage\":{\"@id\":\"https:\\\/\\\/planeurmaubeuge.fr\\\/index.php\\\/forfaits-decouverte\\\/#primaryimage\"},\"image\":{\"@id\":\"https:\\\/\\\/planeurmaubeuge.fr\\\/index.php\\\/forfaits-decouverte\\\/#primaryimage\"},\"thumbnailUrl\":\"http:\\\/\\\/planeurmaubeuge.fr\\\/wp-content\\\/uploads\\\/2020\\\/03\\\/REPAS-8-1024x576.jpg\",\"datePublished\":\"2020-03-08T21:42:16+00:00\",\"dateModified\":\"2021-05-25T21:41:18+00:00\",\"breadcrumb\":{\"@id\":\"https:\\\/\\\/planeurmaubeuge.fr\\\/index.php\\\/forfaits-decouverte\\\/#breadcrumb\"},\"inLanguage\":\"fr-FR\",\"potentialAction\":[{\"@type\":\"ReadAction\",\"target\":[\"https:\\\/\\\/planeurmaubeuge.fr\\\/index.php\\\/forfaits-decouverte\\\/\"]}]},{\"@type\":\"ImageObject\",\"inLanguage\":\"fr-FR\",\"@id\":\"https:\\\/\\\/planeurmaubeuge.fr\\\/index.php\\\/forfaits-decouverte\\\/#primaryimage\",\"url\":\"https:\\\/\\\/planeurmaubeuge.fr\\\/wp-content\\\/uploads\\\/2020\\\/03\\\/REPAS-8.jpg\",\"contentUrl\":\"https:\\\/\\\/planeurmaubeuge.fr\\\/wp-content\\\/uploads\\\/2020\\\/03\\\/REPAS-8.jpg\",\"width\":2048,\"height\":1152},{\"@type\":\"BreadcrumbList\",\"@id\":\"https:\\\/\\\/planeurmaubeuge.fr\\\/index.php\\\/forfaits-decouverte\\\/#breadcrumb\",\"itemListElement\":[{\"@type\":\"ListItem\",\"position\":1,\"name\":\"Accueil\",\"item\":\"https:\\\/\\\/planeurmaubeuge.fr\\\/\"},{\"@type\":\"ListItem\",\"position\":2,\"name\":\"Forfaits d\u00e9couverte\"}]},{\"@type\":\"WebSite\",\"@id\":\"https:\\\/\\\/planeurmaubeuge.fr\\\/#website\",\"url\":\"https:\\\/\\\/planeurmaubeuge.fr\\\/\",\"name\":\"PlaneurMaubeuge\",\"description\":\"CAVA\",\"publisher\":{\"@id\":\"https:\\\/\\\/planeurmaubeuge.fr\\\/#organization\"},\"potentialAction\":[{\"@type\":\"SearchAction\",\"target\":{\"@type\":\"EntryPoint\",\"urlTemplate\":\"https:\\\/\\\/planeurmaubeuge.fr\\\/?s={search_term_string}\"},\"query-input\":{\"@type\":\"PropertyValueSpecification\",\"valueRequired\":true,\"valueName\":\"search_term_string\"}}],\"inLanguage\":\"fr-FR\"},{\"@type\":\"Organization\",\"@id\":\"https:\\\/\\\/planeurmaubeuge.fr\\\/#organization\",\"name\":\"Planeur Maubeuge - CAVA\",\"url\":\"https:\\\/\\\/planeurmaubeuge.fr\\\/\",\"logo\":{\"@type\":\"ImageObject\",\"inLanguage\":\"fr-FR\",\"@id\":\"https:\\\/\\\/planeurmaubeuge.fr\\\/#\\\/schema\\\/logo\\\/image\\\/\",\"url\":\"http:\\\/\\\/planeurmaubeuge.fr\\\/wp-content\\\/uploads\\\/2020\\\/03\\\/Logo_CAVA_Bleu.png\",\"contentUrl\":\"http:\\\/\\\/planeurmaubeuge.fr\\\/wp-content\\\/uploads\\\/2020\\\/03\\\/Logo_CAVA_Bleu.png\",\"width\":4125,\"height\":3653,\"caption\":\"Planeur Maubeuge - CAVA\"},\"image\":{\"@id\":\"https:\\\/\\\/planeurmaubeuge.fr\\\/#\\\/schema\\\/logo\\\/image\\\/\"},\"sameAs\":[\"https:\\\/\\\/www.facebook.com\\\/PlaneurMaubeuge\\\/\",\"https:\\\/\\\/www.instagram.com\\\/planeur_maubeuge\\\/\"]}]}<\/script>\n<!-- \/ Yoast SEO plugin. -->","yoast_head_json":{"title":"Forfaits d\u00e9couverte &#8212; Planeur Maubeuge","robots":{"index":"index","follow":"follow","max-snippet":"max-snippet:-1","max-image-preview":"max-image-preview:large","max-video-preview":"max-video-preview:-1"},"canonical":"https:\/\/planeurmaubeuge.fr\/index.php\/forfaits-decouverte\/","og_locale":"fr_FR","og_type":"article","og_title":"Forfaits d\u00e9couverte &#8212; Planeur Maubeuge","og_description":"A vous les commandes ! Si vous avez ador\u00e9 votre vol d&rsquo;initiation ou si vous souhaitez apprendre les rudiments du pilotage d&rsquo;un planeur, notre club...","og_url":"https:\/\/planeurmaubeuge.fr\/index.php\/forfaits-decouverte\/","og_site_name":"Planeur Maubeuge","article_publisher":"https:\/\/www.facebook.com\/PlaneurMaubeuge\/","article_modified_time":"2021-05-25T21:41:18+00:00","og_image":[{"url":"http:\/\/planeurmaubeuge.fr\/wp-content\/uploads\/2020\/03\/REPAS-8-1024x576.jpg","type":"","width":"","height":""}],"twitter_card":"summary_large_image","twitter_misc":{"Dur\u00e9e de lecture estim\u00e9e":"2 minutes"},"schema":{"@context":"https:\/\/schema.org","@graph":[{"@type":"WebPage","@id":"https:\/\/planeurmaubeuge.fr\/index.php\/forfaits-decouverte\/","url":"https:\/\/planeurmaubeuge.fr\/index.php\/forfaits-decouverte\/","name":"Forfaits d\u00e9couverte &#8212; Planeur Maubeuge","isPartOf":{"@id":"https:\/\/planeurmaubeuge.fr\/#website"},"primaryImageOfPage":{"@id":"https:\/\/planeurmaubeuge.fr\/index.php\/forfaits-decouverte\/#primaryimage"},"image":{"@id":"https:\/\/planeurmaubeuge.fr\/index.php\/forfaits-decouverte\/#primaryimage"},"thumbnailUrl":"http:\/\/planeurmaubeuge.fr\/wp-content\/uploads\/2020\/03\/REPAS-8-1024x576.jpg","datePublished":"2020-03-08T21:42:16+00:00","dateModified":"2021-05-25T21:41:18+00:00","breadcrumb":{"@id":"https:\/\/planeurmaubeuge.fr\/index.php\/forfaits-decouverte\/#breadcrumb"},"inLanguage":"fr-FR","potentialAction":[{"@type":"ReadAction","target":["https:\/\/planeurmaubeuge.fr\/index.php\/forfaits-decouverte\/"]}]},{"@type":"ImageObject","inLanguage":"fr-FR","@id":"https:\/\/planeurmaubeuge.fr\/index.php\/forfaits-decouverte\/#primaryimage","url":"https:\/\/planeurmaubeuge.fr\/wp-content\/uploads\/2020\/03\/REPAS-8.jpg","contentUrl":"https:\/\/planeurmaubeuge.fr\/wp-content\/uploads\/2020\/03\/REPAS-8.jpg","width":2048,"height":1152},{"@type":"BreadcrumbList","@id":"https:\/\/planeurmaubeuge.fr\/index.php\/forfaits-decouverte\/#breadcrumb","itemListElement":[{"@type":"ListItem","position":1,"name":"Accueil","item":"https:\/\/planeurmaubeuge.fr\/"},{"@type":"ListItem","position":2,"name":"Forfaits d\u00e9couverte"}]},{"@type":"WebSite","@id":"https:\/\/planeurmaubeuge.fr\/#website","url":"https:\/\/planeurmaubeuge.fr\/","name":"PlaneurMaubeuge","description":"CAVA","publisher":{"@id":"https:\/\/planeurmaubeuge.fr\/#organization"},"potentialAction":[{"@type":"SearchAction","target":{"@type":"EntryPoint","urlTemplate":"https:\/\/planeurmaubeuge.fr\/?s={search_term_string}"},"query-input":{"@type":"PropertyValueSpecification","valueRequired":true,"valueName":"search_term_string"}}],"inLanguage":"fr-FR"},{"@type":"Organization","@id":"https:\/\/planeurmaubeuge.fr\/#organization","name":"Planeur Maubeuge - CAVA","url":"https:\/\/planeurmaubeuge.fr\/","logo":{"@type":"ImageObject","inLanguage":"fr-FR","@id":"https:\/\/planeurmaubeuge.fr\/#\/schema\/logo\/image\/","url":"http:\/\/planeurmaubeuge.fr\/wp-content\/uploads\/2020\/03\/Logo_CAVA_Bleu.png","contentUrl":"http:\/\/planeurmaubeuge.fr\/wp-content\/uploads\/2020\/03\/Logo_CAVA_Bleu.png","width":4125,"height":3653,"caption":"Planeur Maubeuge - CAVA"},"image":{"@id":"https:\/\/planeurmaubeuge.fr\/#\/schema\/logo\/image\/"},"sameAs":["https:\/\/www.facebook.com\/PlaneurMaubeuge\/","https:\/\/www.instagram.com\/planeur_maubeuge\/"]}]}},"_links":{"self":[{"href":"https:\/\/planeurmaubeuge.fr\/index.php\/wp-json\/wp\/v2\/pages\/28","targetHints":{"allow":["GET"]}}],"collection":[{"href":"https:\/\/planeurmaubeuge.fr\/index.php\/wp-json\/wp\/v2\/pages"}],"about":[{"href":"https:\/\/planeurmaubeuge.fr\/index.php\/wp-json\/wp\/v2\/types\/page"}],"author":[{"embeddable":true,"href":"https:\/\/planeurmaubeuge.fr\/index.php\/wp-json\/wp\/v2\/users\/1"}],"replies":[{"embeddable":true,"href":"https:\/\/planeurmaubeuge.fr\/index.php\/wp-json\/wp\/v2\/comments?post=28"}],"version-history":[{"count":13,"href":"https:\/\/planeurmaubeuge.fr\/index.php\/wp-json\/wp\/v2\/pages\/28\/revisions"}],"predecessor-version":[{"id":341,"href":"https:\/\/planeurmaubeuge.fr\/index.php\/wp-json\/wp\/v2\/pages\/28\/revisions\/341"}],"wp:attachment":[{"href":"https:\/\/planeurmaubeuge.fr\/index.php\/wp-json\/wp\/v2\/media?parent=28"}],"curies":[{"name":"wp","href":"https:\/\/api.w.org\/{rel}","templated":true}]}}