{"id":31,"date":"2020-03-08T22:42:16","date_gmt":"2020-03-08T21:42:16","guid":{"rendered":"http:\/\/planeurmaubeuge.fr\/?page_id=31"},"modified":"2021-05-25T23:42:12","modified_gmt":"2021-05-25T21:42:12","slug":"la-formation","status":"publish","type":"page","link":"https:\/\/planeurmaubeuge.fr\/index.php\/la-formation\/","title":{"rendered":"La formation"},"content":{"rendered":"\n<h2 class=\"wp-block-heading\">Objectif : le brevet de pilote !<\/h2>\n\n\n\n<p>D\u00e8s votre <strong>entr\u00e9e en formation<\/strong>, vous serez enti\u00e8rement <strong>pris en charge<\/strong> par nos instructeurs. Ils vous expliquerons comment se d\u00e9roulera <strong>votre formation<\/strong>. Vous serez alors <strong>int\u00e9gr\u00e9 \u00e0 la vie du club<\/strong> et vous ferez connaissance avec <strong>d&rsquo;autres \u00e9l\u00e8ves <\/strong>pilotes. <\/p>\n\n\n\n<h4 class=\"wp-block-heading\">Formation initiale <\/h4>\n\n\n\n<p>Au d\u00e9but, les <strong>le\u00e7ons de pilotage<\/strong> seront r\u00e9alis\u00e9es sur un <strong>planeur \u00e9cole (biplace)<\/strong> ou un moto-planeur. Votre instructeur sera plac\u00e9 derri\u00e8re vous et il vous <strong>enseignera le pilotage<\/strong> d&rsquo;un planeur. <\/p>\n\n\n\n<h4 class=\"wp-block-heading\">Premier vol solo<\/h4>\n\n\n\n<p>Cette \u00e9tape <strong>marque \u00e0 vie<\/strong> tous les pilotes de planeur ! Vous avez \u00e9t\u00e9 form\u00e9 au pilotage d&rsquo;un planeur par des instructeurs qui vous jugent capable de <strong>piloter seul<\/strong> ! L&rsquo;instructeur supervisera votre <strong>premier vol solo <\/strong>depuis le sol. <\/p>\n\n\n\n<p>Heureusement, ce vol ne marque pas la fin de votre formation. Vous volez seul pour <strong>prendre de l&rsquo;exp\u00e9rience<\/strong> en tant que <strong>commandant de bord<\/strong>. Ensuite, les instructeurs vous aideront \u00e0 <strong>perfectionner votre pilotage<\/strong>. <\/p>\n\n\n\n<h4 class=\"wp-block-heading\">Le brevet de pilote<\/h4>\n\n\n\n<p>A la <strong>fin de votre formation<\/strong>, vous serez soumis \u00e0 un <strong>examen th\u00e9orique<\/strong> et un <strong>examen pratique<\/strong> pour obtenir <strong>votre brevet<\/strong> ! Une fois cette ultime \u00e9tape r\u00e9ussie, vous serez <strong>officiellement pilote de planeur<\/strong> et vous serez libre de <strong>voler de vos propre ailes<\/strong>&#8230;<\/p>\n\n\n\n<p>Il faut compter entre 20h et 40h de vol avant l&rsquo;obtention du brevet de pilote planeur.  Les le\u00e7ons de pilotage sont r\u00e9alis\u00e9es les week-ends ou lors de <a href=\"http:\/\/planeurmaubeuge.fr\/index.php\/les-stages\/\">nos stages<\/a>. Les tarifs de nos forfaits formation sont <a href=\"http:\/\/planeurmaubeuge.fr\/index.php\/les-tarifs\/\">disponibles sur ce site<\/a>. <\/p>\n\n\n\n<p>Si vous n&rsquo;arrivez pas \u00e0 patienter en attendant le d\u00e9but de votre formation, voici un \u00e9pisode de la c\u00e9l\u00e8bre \u00e9mission <em>C&rsquo;est pas sorcier <\/em> sur le planeur : <\/p>\n\n\n\n<figure class=\"wp-block-embed is-type-video is-provider-youtube wp-block-embed-youtube wp-embed-aspect-4-3 wp-has-aspect-ratio\"><div class=\"wp-block-embed__wrapper\">\n<iframe loading=\"lazy\" title=\"C&#039;est pas sorcier -VOL A VOILE\u00a0: \u00c7A PLANE POUR LES SORCIERS !\" width=\"640\" height=\"480\" src=\"https:\/\/www.youtube.com\/embed\/xJuwrI14lmY?feature=oembed\" frameborder=\"0\" allow=\"accelerometer; autoplay; clipboard-write; encrypted-media; gyroscope; picture-in-picture; web-share\" referrerpolicy=\"strict-origin-when-cross-origin\" allowfullscreen><\/iframe>\n<\/div><\/figure>\n\n\n\n<div class=\"wp-block-image\"><figure class=\"aligncenter size-large is-resized\"><a href=\"http:\/\/planeurmaubeuge.fr\/index.php\/events\/\" target=\"_blank\" rel=\"noopener\"><img loading=\"lazy\" decoding=\"async\" src=\"http:\/\/planeurmaubeuge.fr\/wp-content\/uploads\/2021\/05\/pngegg-1.png\" alt=\"\" class=\"wp-image-340\" width=\"110\" height=\"92\" srcset=\"https:\/\/planeurmaubeuge.fr\/wp-content\/uploads\/2021\/05\/pngegg-1.png 863w, https:\/\/planeurmaubeuge.fr\/wp-content\/uploads\/2021\/05\/pngegg-1-300x252.png 300w, https:\/\/planeurmaubeuge.fr\/wp-content\/uploads\/2021\/05\/pngegg-1-768x646.png 768w\" sizes=\"auto, (max-width: 110px) 100vw, 110px\" \/><\/a><figcaption> Dates de stage<\/figcaption><\/figure><\/div>\n","protected":false},"excerpt":{"rendered":"<p>Objectif : le brevet de pilote ! D\u00e8s votre entr\u00e9e en formation, vous serez enti\u00e8rement pris en charge par nos instructeurs. Ils vous expliquerons comment&#8230;<\/p>\n","protected":false},"author":1,"featured_media":0,"parent":0,"menu_order":0,"comment_status":"closed","ping_status":"closed","template":"","meta":{"footnotes":""},"class_list":["post-31","page","type-page","status-publish","hentry"],"yoast_head":"<!-- This site is optimized with the Yoast SEO plugin v27.6 - https:\/\/yoast.com\/product\/yoast-seo-wordpress\/ -->\n<title>La formation &#8212; Planeur Maubeuge<\/title>\n<meta name=\"robots\" content=\"index, follow, max-snippet:-1, max-image-preview:large, max-video-preview:-1\" \/>\n<link rel=\"canonical\" href=\"https:\/\/planeurmaubeuge.fr\/index.php\/la-formation\/\" \/>\n<meta property=\"og:locale\" content=\"fr_FR\" \/>\n<meta property=\"og:type\" content=\"article\" \/>\n<meta property=\"og:title\" content=\"La formation &#8212; Planeur Maubeuge\" \/>\n<meta property=\"og:description\" content=\"Objectif : le brevet de pilote ! D\u00e8s votre entr\u00e9e en formation, vous serez enti\u00e8rement pris en charge par nos instructeurs. Ils vous expliquerons comment...\" \/>\n<meta property=\"og:url\" content=\"https:\/\/planeurmaubeuge.fr\/index.php\/la-formation\/\" \/>\n<meta property=\"og:site_name\" content=\"Planeur Maubeuge\" \/>\n<meta property=\"article:publisher\" content=\"https:\/\/www.facebook.com\/PlaneurMaubeuge\/\" \/>\n<meta property=\"article:modified_time\" content=\"2021-05-25T21:42:12+00:00\" \/>\n<meta property=\"og:image\" content=\"http:\/\/planeurmaubeuge.fr\/wp-content\/uploads\/2021\/05\/pngegg-1.png\" \/>\n<meta name=\"twitter:card\" content=\"summary_large_image\" \/>\n<meta name=\"twitter:label1\" content=\"Dur\u00e9e de lecture estim\u00e9e\" \/>\n\t<meta name=\"twitter:data1\" content=\"2 minutes\" \/>\n<script type=\"application\/ld+json\" class=\"yoast-schema-graph\">{\"@context\":\"https:\\\/\\\/schema.org\",\"@graph\":[{\"@type\":\"WebPage\",\"@id\":\"https:\\\/\\\/planeurmaubeuge.fr\\\/index.php\\\/la-formation\\\/\",\"url\":\"https:\\\/\\\/planeurmaubeuge.fr\\\/index.php\\\/la-formation\\\/\",\"name\":\"La formation &#8212; Planeur Maubeuge\",\"isPartOf\":{\"@id\":\"https:\\\/\\\/planeurmaubeuge.fr\\\/#website\"},\"primaryImageOfPage\":{\"@id\":\"https:\\\/\\\/planeurmaubeuge.fr\\\/index.php\\\/la-formation\\\/#primaryimage\"},\"image\":{\"@id\":\"https:\\\/\\\/planeurmaubeuge.fr\\\/index.php\\\/la-formation\\\/#primaryimage\"},\"thumbnailUrl\":\"http:\\\/\\\/planeurmaubeuge.fr\\\/wp-content\\\/uploads\\\/2021\\\/05\\\/pngegg-1.png\",\"datePublished\":\"2020-03-08T21:42:16+00:00\",\"dateModified\":\"2021-05-25T21:42:12+00:00\",\"breadcrumb\":{\"@id\":\"https:\\\/\\\/planeurmaubeuge.fr\\\/index.php\\\/la-formation\\\/#breadcrumb\"},\"inLanguage\":\"fr-FR\",\"potentialAction\":[{\"@type\":\"ReadAction\",\"target\":[\"https:\\\/\\\/planeurmaubeuge.fr\\\/index.php\\\/la-formation\\\/\"]}]},{\"@type\":\"ImageObject\",\"inLanguage\":\"fr-FR\",\"@id\":\"https:\\\/\\\/planeurmaubeuge.fr\\\/index.php\\\/la-formation\\\/#primaryimage\",\"url\":\"https:\\\/\\\/planeurmaubeuge.fr\\\/wp-content\\\/uploads\\\/2021\\\/05\\\/pngegg-1.png\",\"contentUrl\":\"https:\\\/\\\/planeurmaubeuge.fr\\\/wp-content\\\/uploads\\\/2021\\\/05\\\/pngegg-1.png\",\"width\":863,\"height\":726},{\"@type\":\"BreadcrumbList\",\"@id\":\"https:\\\/\\\/planeurmaubeuge.fr\\\/index.php\\\/la-formation\\\/#breadcrumb\",\"itemListElement\":[{\"@type\":\"ListItem\",\"position\":1,\"name\":\"Accueil\",\"item\":\"https:\\\/\\\/planeurmaubeuge.fr\\\/\"},{\"@type\":\"ListItem\",\"position\":2,\"name\":\"La formation\"}]},{\"@type\":\"WebSite\",\"@id\":\"https:\\\/\\\/planeurmaubeuge.fr\\\/#website\",\"url\":\"https:\\\/\\\/planeurmaubeuge.fr\\\/\",\"name\":\"PlaneurMaubeuge\",\"description\":\"CAVA\",\"publisher\":{\"@id\":\"https:\\\/\\\/planeurmaubeuge.fr\\\/#organization\"},\"potentialAction\":[{\"@type\":\"SearchAction\",\"target\":{\"@type\":\"EntryPoint\",\"urlTemplate\":\"https:\\\/\\\/planeurmaubeuge.fr\\\/?s={search_term_string}\"},\"query-input\":{\"@type\":\"PropertyValueSpecification\",\"valueRequired\":true,\"valueName\":\"search_term_string\"}}],\"inLanguage\":\"fr-FR\"},{\"@type\":\"Organization\",\"@id\":\"https:\\\/\\\/planeurmaubeuge.fr\\\/#organization\",\"name\":\"Planeur Maubeuge - CAVA\",\"url\":\"https:\\\/\\\/planeurmaubeuge.fr\\\/\",\"logo\":{\"@type\":\"ImageObject\",\"inLanguage\":\"fr-FR\",\"@id\":\"https:\\\/\\\/planeurmaubeuge.fr\\\/#\\\/schema\\\/logo\\\/image\\\/\",\"url\":\"http:\\\/\\\/planeurmaubeuge.fr\\\/wp-content\\\/uploads\\\/2020\\\/03\\\/Logo_CAVA_Bleu.png\",\"contentUrl\":\"http:\\\/\\\/planeurmaubeuge.fr\\\/wp-content\\\/uploads\\\/2020\\\/03\\\/Logo_CAVA_Bleu.png\",\"width\":4125,\"height\":3653,\"caption\":\"Planeur Maubeuge - CAVA\"},\"image\":{\"@id\":\"https:\\\/\\\/planeurmaubeuge.fr\\\/#\\\/schema\\\/logo\\\/image\\\/\"},\"sameAs\":[\"https:\\\/\\\/www.facebook.com\\\/PlaneurMaubeuge\\\/\",\"https:\\\/\\\/www.instagram.com\\\/planeur_maubeuge\\\/\"]}]}<\/script>\n<!-- \/ Yoast SEO plugin. -->","yoast_head_json":{"title":"La formation &#8212; Planeur Maubeuge","robots":{"index":"index","follow":"follow","max-snippet":"max-snippet:-1","max-image-preview":"max-image-preview:large","max-video-preview":"max-video-preview:-1"},"canonical":"https:\/\/planeurmaubeuge.fr\/index.php\/la-formation\/","og_locale":"fr_FR","og_type":"article","og_title":"La formation &#8212; Planeur Maubeuge","og_description":"Objectif : le brevet de pilote ! D\u00e8s votre entr\u00e9e en formation, vous serez enti\u00e8rement pris en charge par nos instructeurs. Ils vous expliquerons comment...","og_url":"https:\/\/planeurmaubeuge.fr\/index.php\/la-formation\/","og_site_name":"Planeur Maubeuge","article_publisher":"https:\/\/www.facebook.com\/PlaneurMaubeuge\/","article_modified_time":"2021-05-25T21:42:12+00:00","og_image":[{"url":"http:\/\/planeurmaubeuge.fr\/wp-content\/uploads\/2021\/05\/pngegg-1.png","type":"","width":"","height":""}],"twitter_card":"summary_large_image","twitter_misc":{"Dur\u00e9e de lecture estim\u00e9e":"2 minutes"},"schema":{"@context":"https:\/\/schema.org","@graph":[{"@type":"WebPage","@id":"https:\/\/planeurmaubeuge.fr\/index.php\/la-formation\/","url":"https:\/\/planeurmaubeuge.fr\/index.php\/la-formation\/","name":"La formation &#8212; Planeur Maubeuge","isPartOf":{"@id":"https:\/\/planeurmaubeuge.fr\/#website"},"primaryImageOfPage":{"@id":"https:\/\/planeurmaubeuge.fr\/index.php\/la-formation\/#primaryimage"},"image":{"@id":"https:\/\/planeurmaubeuge.fr\/index.php\/la-formation\/#primaryimage"},"thumbnailUrl":"http:\/\/planeurmaubeuge.fr\/wp-content\/uploads\/2021\/05\/pngegg-1.png","datePublished":"2020-03-08T21:42:16+00:00","dateModified":"2021-05-25T21:42:12+00:00","breadcrumb":{"@id":"https:\/\/planeurmaubeuge.fr\/index.php\/la-formation\/#breadcrumb"},"inLanguage":"fr-FR","potentialAction":[{"@type":"ReadAction","target":["https:\/\/planeurmaubeuge.fr\/index.php\/la-formation\/"]}]},{"@type":"ImageObject","inLanguage":"fr-FR","@id":"https:\/\/planeurmaubeuge.fr\/index.php\/la-formation\/#primaryimage","url":"https:\/\/planeurmaubeuge.fr\/wp-content\/uploads\/2021\/05\/pngegg-1.png","contentUrl":"https:\/\/planeurmaubeuge.fr\/wp-content\/uploads\/2021\/05\/pngegg-1.png","width":863,"height":726},{"@type":"BreadcrumbList","@id":"https:\/\/planeurmaubeuge.fr\/index.php\/la-formation\/#breadcrumb","itemListElement":[{"@type":"ListItem","position":1,"name":"Accueil","item":"https:\/\/planeurmaubeuge.fr\/"},{"@type":"ListItem","position":2,"name":"La formation"}]},{"@type":"WebSite","@id":"https:\/\/planeurmaubeuge.fr\/#website","url":"https:\/\/planeurmaubeuge.fr\/","name":"PlaneurMaubeuge","description":"CAVA","publisher":{"@id":"https:\/\/planeurmaubeuge.fr\/#organization"},"potentialAction":[{"@type":"SearchAction","target":{"@type":"EntryPoint","urlTemplate":"https:\/\/planeurmaubeuge.fr\/?s={search_term_string}"},"query-input":{"@type":"PropertyValueSpecification","valueRequired":true,"valueName":"search_term_string"}}],"inLanguage":"fr-FR"},{"@type":"Organization","@id":"https:\/\/planeurmaubeuge.fr\/#organization","name":"Planeur Maubeuge - CAVA","url":"https:\/\/planeurmaubeuge.fr\/","logo":{"@type":"ImageObject","inLanguage":"fr-FR","@id":"https:\/\/planeurmaubeuge.fr\/#\/schema\/logo\/image\/","url":"http:\/\/planeurmaubeuge.fr\/wp-content\/uploads\/2020\/03\/Logo_CAVA_Bleu.png","contentUrl":"http:\/\/planeurmaubeuge.fr\/wp-content\/uploads\/2020\/03\/Logo_CAVA_Bleu.png","width":4125,"height":3653,"caption":"Planeur Maubeuge - CAVA"},"image":{"@id":"https:\/\/planeurmaubeuge.fr\/#\/schema\/logo\/image\/"},"sameAs":["https:\/\/www.facebook.com\/PlaneurMaubeuge\/","https:\/\/www.instagram.com\/planeur_maubeuge\/"]}]}},"_links":{"self":[{"href":"https:\/\/planeurmaubeuge.fr\/index.php\/wp-json\/wp\/v2\/pages\/31","targetHints":{"allow":["GET"]}}],"collection":[{"href":"https:\/\/planeurmaubeuge.fr\/index.php\/wp-json\/wp\/v2\/pages"}],"about":[{"href":"https:\/\/planeurmaubeuge.fr\/index.php\/wp-json\/wp\/v2\/types\/page"}],"author":[{"embeddable":true,"href":"https:\/\/planeurmaubeuge.fr\/index.php\/wp-json\/wp\/v2\/users\/1"}],"replies":[{"embeddable":true,"href":"https:\/\/planeurmaubeuge.fr\/index.php\/wp-json\/wp\/v2\/comments?post=31"}],"version-history":[{"count":6,"href":"https:\/\/planeurmaubeuge.fr\/index.php\/wp-json\/wp\/v2\/pages\/31\/revisions"}],"predecessor-version":[{"id":343,"href":"https:\/\/planeurmaubeuge.fr\/index.php\/wp-json\/wp\/v2\/pages\/31\/revisions\/343"}],"wp:attachment":[{"href":"https:\/\/planeurmaubeuge.fr\/index.php\/wp-json\/wp\/v2\/media?parent=31"}],"curies":[{"name":"wp","href":"https:\/\/api.w.org\/{rel}","templated":true}]}}