{"id":32,"date":"2020-03-08T22:42:16","date_gmt":"2020-03-08T21:42:16","guid":{"rendered":"http:\/\/planeurmaubeuge.fr\/?page_id=32"},"modified":"2021-05-26T10:54:23","modified_gmt":"2021-05-26T08:54:23","slug":"les-stages","status":"publish","type":"page","link":"https:\/\/planeurmaubeuge.fr\/index.php\/les-stages\/","title":{"rendered":"Les stages"},"content":{"rendered":"\n<p><\/p>\n\n\n\n<h2 class=\"wp-block-heading\">Les stages formation<\/h2>\n\n\n\n<p><strong>Progresser<\/strong> rapidement et <strong>partager<\/strong> un moment inoubliable en \u00e9quipe, voil\u00e0 les objectifs d&rsquo;un stage formation ! Pendant une semaine vous serez encadr\u00e9s et form\u00e9s par nos instructeurs pour <strong>d\u00e9couvrir <\/strong>et<strong> apprendre<\/strong> l&rsquo;art de voler en planeur. Que vous soyez d\u00e9butant ou \u00e9l\u00e8ve en cours de formation, ces stages vous feront <strong>\u00e9voluer <\/strong>efficacement vers le brevet de pilote planeur !<br><br>Si les conditions m\u00e9t\u00e9orologiques ne permettent pas de voler en toute s\u00e9curit\u00e9, des cours th\u00e9oriques seront dispens\u00e9s dans notre salle de cours.<\/p>\n\n\n\n<figure class=\"wp-block-image size-large\"><img loading=\"lazy\" decoding=\"async\" width=\"1024\" height=\"768\" src=\"http:\/\/planeurmaubeuge.fr\/wp-content\/uploads\/2020\/03\/REPAS-3-1024x768.jpg\" alt=\"\" class=\"wp-image-123\" srcset=\"https:\/\/planeurmaubeuge.fr\/wp-content\/uploads\/2020\/03\/REPAS-3-1024x768.jpg 1024w, https:\/\/planeurmaubeuge.fr\/wp-content\/uploads\/2020\/03\/REPAS-3-300x225.jpg 300w, https:\/\/planeurmaubeuge.fr\/wp-content\/uploads\/2020\/03\/REPAS-3-768x576.jpg 768w, https:\/\/planeurmaubeuge.fr\/wp-content\/uploads\/2020\/03\/REPAS-3-1536x1152.jpg 1536w, https:\/\/planeurmaubeuge.fr\/wp-content\/uploads\/2020\/03\/REPAS-3.jpg 2048w\" sizes=\"auto, (max-width: 1024px) 100vw, 1024px\" \/><\/figure>\n\n\n\n<h2 class=\"wp-block-heading\">Les stages performance<\/h2>\n\n\n\n<p>Les stages performance sont r\u00e9serv\u00e9s aux pilotes d\u00e9tenteurs d&rsquo;un brevet de pilote planeur. Accompagn\u00e9 par des instructeurs comp\u00e9tents vous travaillerez sur l&rsquo;am\u00e9lioration de votre <strong>technique <\/strong>de pilotage, l&rsquo;<strong>optimisation <\/strong>des performances du planeur et l&rsquo;<strong>analyse<\/strong> de l&rsquo;a\u00e9rologie. Ces stages sont un moment privil\u00e9gi\u00e9 pour se fixer des objectifs comme :<br>&#8211; r\u00e9aliser des <strong>performances sportives<\/strong> (FAI)<br>&#8211; apprendre et am\u00e9liorer le <strong>vol sur la campagne<\/strong><br>&#8211; pr\u00e9parer les <strong>comp\u00e9titions<\/strong> r\u00e9gionales et nationales<\/p>\n\n\n\n<div class=\"wp-block-group\"><div class=\"wp-block-group__inner-container is-layout-flow wp-block-group-is-layout-flow\">\n<figure class=\"wp-block-gallery columns-1 is-cropped wp-block-gallery-1 is-layout-flex wp-block-gallery-is-layout-flex\"><ul class=\"blocks-gallery-grid\"><li class=\"blocks-gallery-item\"><figure><img loading=\"lazy\" decoding=\"async\" width=\"1024\" height=\"768\" src=\"http:\/\/planeurmaubeuge.fr\/wp-content\/uploads\/2020\/03\/IMG_3786-1024x768.jpg\" alt=\"\" data-id=\"125\" class=\"wp-image-125\" srcset=\"https:\/\/planeurmaubeuge.fr\/wp-content\/uploads\/2020\/03\/IMG_3786-1024x768.jpg 1024w, https:\/\/planeurmaubeuge.fr\/wp-content\/uploads\/2020\/03\/IMG_3786-300x225.jpg 300w, https:\/\/planeurmaubeuge.fr\/wp-content\/uploads\/2020\/03\/IMG_3786-768x576.jpg 768w, https:\/\/planeurmaubeuge.fr\/wp-content\/uploads\/2020\/03\/IMG_3786-1536x1152.jpg 1536w, https:\/\/planeurmaubeuge.fr\/wp-content\/uploads\/2020\/03\/IMG_3786-2048x1536.jpg 2048w\" sizes=\"auto, (max-width: 1024px) 100vw, 1024px\" \/><\/figure><\/li><\/ul><\/figure>\n<\/div><\/div>\n\n\n\n<h2 class=\"wp-block-heading\">Les stages ext\u00e9rieurs<\/h2>\n\n\n\n<p>Pour profiter de conditions propices \u00e0 la pratique du vol en planeur, notre club organise chaque ann\u00e9e un stage sur un autre a\u00e9rodrome. Ces d\u00e9placements sont l&rsquo;occasion de d\u00e9couvrir un paysage diff\u00e9rent, de voler dans de nouveaux espaces a\u00e9riens et d&rsquo;\u00e9changer avec des pilotes de divers horizons !<\/p>\n\n\n\n<figure class=\"wp-block-image size-large\"><img loading=\"lazy\" decoding=\"async\" width=\"1024\" height=\"576\" src=\"http:\/\/planeurmaubeuge.fr\/wp-content\/uploads\/2020\/03\/REPAS-60-1024x576.jpg\" alt=\"\" class=\"wp-image-126\" srcset=\"https:\/\/planeurmaubeuge.fr\/wp-content\/uploads\/2020\/03\/REPAS-60-1024x576.jpg 1024w, https:\/\/planeurmaubeuge.fr\/wp-content\/uploads\/2020\/03\/REPAS-60-300x169.jpg 300w, https:\/\/planeurmaubeuge.fr\/wp-content\/uploads\/2020\/03\/REPAS-60-768x432.jpg 768w, https:\/\/planeurmaubeuge.fr\/wp-content\/uploads\/2020\/03\/REPAS-60-1536x864.jpg 1536w, https:\/\/planeurmaubeuge.fr\/wp-content\/uploads\/2020\/03\/REPAS-60.jpg 2048w\" sizes=\"auto, (max-width: 1024px) 100vw, 1024px\" \/><\/figure>\n\n\n\n<div class=\"wp-block-image\"><figure class=\"aligncenter size-large is-resized\"><a href=\"http:\/\/planeurmaubeuge.fr\/index.php\/events\/\" target=\"_blank\" rel=\"noopener\"><img loading=\"lazy\" decoding=\"async\" src=\"http:\/\/planeurmaubeuge.fr\/wp-content\/uploads\/2021\/05\/pngegg-1.png\" alt=\"\" class=\"wp-image-340\" width=\"110\" height=\"92\" srcset=\"https:\/\/planeurmaubeuge.fr\/wp-content\/uploads\/2021\/05\/pngegg-1.png 863w, https:\/\/planeurmaubeuge.fr\/wp-content\/uploads\/2021\/05\/pngegg-1-300x252.png 300w, https:\/\/planeurmaubeuge.fr\/wp-content\/uploads\/2021\/05\/pngegg-1-768x646.png 768w\" sizes=\"auto, (max-width: 110px) 100vw, 110px\" \/><\/a><figcaption> Dates de stage<\/figcaption><\/figure><\/div>\n","protected":false},"excerpt":{"rendered":"<p>Les stages formation Progresser rapidement et partager un moment inoubliable en \u00e9quipe, voil\u00e0 les objectifs d&rsquo;un stage formation ! Pendant une semaine vous serez encadr\u00e9s&#8230;<\/p>\n","protected":false},"author":1,"featured_media":0,"parent":0,"menu_order":0,"comment_status":"closed","ping_status":"closed","template":"","meta":{"footnotes":""},"class_list":["post-32","page","type-page","status-publish","hentry"],"yoast_head":"<!-- This site is optimized with the Yoast SEO plugin v27.5 - https:\/\/yoast.com\/product\/yoast-seo-wordpress\/ -->\n<title>Les stages &#8212; Planeur Maubeuge<\/title>\n<meta name=\"robots\" content=\"index, follow, max-snippet:-1, max-image-preview:large, max-video-preview:-1\" \/>\n<link rel=\"canonical\" href=\"https:\/\/planeurmaubeuge.fr\/index.php\/les-stages\/\" \/>\n<meta property=\"og:locale\" content=\"fr_FR\" \/>\n<meta property=\"og:type\" content=\"article\" \/>\n<meta property=\"og:title\" content=\"Les stages &#8212; Planeur Maubeuge\" \/>\n<meta property=\"og:description\" content=\"Les stages formation Progresser rapidement et partager un moment inoubliable en \u00e9quipe, voil\u00e0 les objectifs d&rsquo;un stage formation ! Pendant une semaine vous serez encadr\u00e9s...\" \/>\n<meta property=\"og:url\" content=\"https:\/\/planeurmaubeuge.fr\/index.php\/les-stages\/\" \/>\n<meta property=\"og:site_name\" content=\"Planeur Maubeuge\" \/>\n<meta property=\"article:publisher\" content=\"https:\/\/www.facebook.com\/PlaneurMaubeuge\/\" \/>\n<meta property=\"article:modified_time\" content=\"2021-05-26T08:54:23+00:00\" \/>\n<meta property=\"og:image\" content=\"http:\/\/planeurmaubeuge.fr\/wp-content\/uploads\/2020\/03\/REPAS-3-1024x768.jpg\" \/>\n<meta name=\"twitter:card\" content=\"summary_large_image\" \/>\n<meta name=\"twitter:label1\" content=\"Dur\u00e9e de lecture estim\u00e9e\" \/>\n\t<meta name=\"twitter:data1\" content=\"2 minutes\" \/>\n<script type=\"application\/ld+json\" class=\"yoast-schema-graph\">{\"@context\":\"https:\\\/\\\/schema.org\",\"@graph\":[{\"@type\":\"WebPage\",\"@id\":\"https:\\\/\\\/planeurmaubeuge.fr\\\/index.php\\\/les-stages\\\/\",\"url\":\"https:\\\/\\\/planeurmaubeuge.fr\\\/index.php\\\/les-stages\\\/\",\"name\":\"Les stages &#8212; Planeur Maubeuge\",\"isPartOf\":{\"@id\":\"https:\\\/\\\/planeurmaubeuge.fr\\\/#website\"},\"primaryImageOfPage\":{\"@id\":\"https:\\\/\\\/planeurmaubeuge.fr\\\/index.php\\\/les-stages\\\/#primaryimage\"},\"image\":{\"@id\":\"https:\\\/\\\/planeurmaubeuge.fr\\\/index.php\\\/les-stages\\\/#primaryimage\"},\"thumbnailUrl\":\"http:\\\/\\\/planeurmaubeuge.fr\\\/wp-content\\\/uploads\\\/2020\\\/03\\\/REPAS-3-1024x768.jpg\",\"datePublished\":\"2020-03-08T21:42:16+00:00\",\"dateModified\":\"2021-05-26T08:54:23+00:00\",\"breadcrumb\":{\"@id\":\"https:\\\/\\\/planeurmaubeuge.fr\\\/index.php\\\/les-stages\\\/#breadcrumb\"},\"inLanguage\":\"fr-FR\",\"potentialAction\":[{\"@type\":\"ReadAction\",\"target\":[\"https:\\\/\\\/planeurmaubeuge.fr\\\/index.php\\\/les-stages\\\/\"]}]},{\"@type\":\"ImageObject\",\"inLanguage\":\"fr-FR\",\"@id\":\"https:\\\/\\\/planeurmaubeuge.fr\\\/index.php\\\/les-stages\\\/#primaryimage\",\"url\":\"https:\\\/\\\/planeurmaubeuge.fr\\\/wp-content\\\/uploads\\\/2020\\\/03\\\/REPAS-3.jpg\",\"contentUrl\":\"https:\\\/\\\/planeurmaubeuge.fr\\\/wp-content\\\/uploads\\\/2020\\\/03\\\/REPAS-3.jpg\",\"width\":2048,\"height\":1536},{\"@type\":\"BreadcrumbList\",\"@id\":\"https:\\\/\\\/planeurmaubeuge.fr\\\/index.php\\\/les-stages\\\/#breadcrumb\",\"itemListElement\":[{\"@type\":\"ListItem\",\"position\":1,\"name\":\"Accueil\",\"item\":\"https:\\\/\\\/planeurmaubeuge.fr\\\/\"},{\"@type\":\"ListItem\",\"position\":2,\"name\":\"Les stages\"}]},{\"@type\":\"WebSite\",\"@id\":\"https:\\\/\\\/planeurmaubeuge.fr\\\/#website\",\"url\":\"https:\\\/\\\/planeurmaubeuge.fr\\\/\",\"name\":\"PlaneurMaubeuge\",\"description\":\"CAVA\",\"publisher\":{\"@id\":\"https:\\\/\\\/planeurmaubeuge.fr\\\/#organization\"},\"potentialAction\":[{\"@type\":\"SearchAction\",\"target\":{\"@type\":\"EntryPoint\",\"urlTemplate\":\"https:\\\/\\\/planeurmaubeuge.fr\\\/?s={search_term_string}\"},\"query-input\":{\"@type\":\"PropertyValueSpecification\",\"valueRequired\":true,\"valueName\":\"search_term_string\"}}],\"inLanguage\":\"fr-FR\"},{\"@type\":\"Organization\",\"@id\":\"https:\\\/\\\/planeurmaubeuge.fr\\\/#organization\",\"name\":\"Planeur Maubeuge - CAVA\",\"url\":\"https:\\\/\\\/planeurmaubeuge.fr\\\/\",\"logo\":{\"@type\":\"ImageObject\",\"inLanguage\":\"fr-FR\",\"@id\":\"https:\\\/\\\/planeurmaubeuge.fr\\\/#\\\/schema\\\/logo\\\/image\\\/\",\"url\":\"http:\\\/\\\/planeurmaubeuge.fr\\\/wp-content\\\/uploads\\\/2020\\\/03\\\/Logo_CAVA_Bleu.png\",\"contentUrl\":\"http:\\\/\\\/planeurmaubeuge.fr\\\/wp-content\\\/uploads\\\/2020\\\/03\\\/Logo_CAVA_Bleu.png\",\"width\":4125,\"height\":3653,\"caption\":\"Planeur Maubeuge - CAVA\"},\"image\":{\"@id\":\"https:\\\/\\\/planeurmaubeuge.fr\\\/#\\\/schema\\\/logo\\\/image\\\/\"},\"sameAs\":[\"https:\\\/\\\/www.facebook.com\\\/PlaneurMaubeuge\\\/\",\"https:\\\/\\\/www.instagram.com\\\/planeur_maubeuge\\\/\"]}]}<\/script>\n<!-- \/ Yoast SEO plugin. -->","yoast_head_json":{"title":"Les stages &#8212; Planeur Maubeuge","robots":{"index":"index","follow":"follow","max-snippet":"max-snippet:-1","max-image-preview":"max-image-preview:large","max-video-preview":"max-video-preview:-1"},"canonical":"https:\/\/planeurmaubeuge.fr\/index.php\/les-stages\/","og_locale":"fr_FR","og_type":"article","og_title":"Les stages &#8212; Planeur Maubeuge","og_description":"Les stages formation Progresser rapidement et partager un moment inoubliable en \u00e9quipe, voil\u00e0 les objectifs d&rsquo;un stage formation ! Pendant une semaine vous serez encadr\u00e9s...","og_url":"https:\/\/planeurmaubeuge.fr\/index.php\/les-stages\/","og_site_name":"Planeur Maubeuge","article_publisher":"https:\/\/www.facebook.com\/PlaneurMaubeuge\/","article_modified_time":"2021-05-26T08:54:23+00:00","og_image":[{"url":"http:\/\/planeurmaubeuge.fr\/wp-content\/uploads\/2020\/03\/REPAS-3-1024x768.jpg","type":"","width":"","height":""}],"twitter_card":"summary_large_image","twitter_misc":{"Dur\u00e9e de lecture estim\u00e9e":"2 minutes"},"schema":{"@context":"https:\/\/schema.org","@graph":[{"@type":"WebPage","@id":"https:\/\/planeurmaubeuge.fr\/index.php\/les-stages\/","url":"https:\/\/planeurmaubeuge.fr\/index.php\/les-stages\/","name":"Les stages &#8212; Planeur Maubeuge","isPartOf":{"@id":"https:\/\/planeurmaubeuge.fr\/#website"},"primaryImageOfPage":{"@id":"https:\/\/planeurmaubeuge.fr\/index.php\/les-stages\/#primaryimage"},"image":{"@id":"https:\/\/planeurmaubeuge.fr\/index.php\/les-stages\/#primaryimage"},"thumbnailUrl":"http:\/\/planeurmaubeuge.fr\/wp-content\/uploads\/2020\/03\/REPAS-3-1024x768.jpg","datePublished":"2020-03-08T21:42:16+00:00","dateModified":"2021-05-26T08:54:23+00:00","breadcrumb":{"@id":"https:\/\/planeurmaubeuge.fr\/index.php\/les-stages\/#breadcrumb"},"inLanguage":"fr-FR","potentialAction":[{"@type":"ReadAction","target":["https:\/\/planeurmaubeuge.fr\/index.php\/les-stages\/"]}]},{"@type":"ImageObject","inLanguage":"fr-FR","@id":"https:\/\/planeurmaubeuge.fr\/index.php\/les-stages\/#primaryimage","url":"https:\/\/planeurmaubeuge.fr\/wp-content\/uploads\/2020\/03\/REPAS-3.jpg","contentUrl":"https:\/\/planeurmaubeuge.fr\/wp-content\/uploads\/2020\/03\/REPAS-3.jpg","width":2048,"height":1536},{"@type":"BreadcrumbList","@id":"https:\/\/planeurmaubeuge.fr\/index.php\/les-stages\/#breadcrumb","itemListElement":[{"@type":"ListItem","position":1,"name":"Accueil","item":"https:\/\/planeurmaubeuge.fr\/"},{"@type":"ListItem","position":2,"name":"Les stages"}]},{"@type":"WebSite","@id":"https:\/\/planeurmaubeuge.fr\/#website","url":"https:\/\/planeurmaubeuge.fr\/","name":"PlaneurMaubeuge","description":"CAVA","publisher":{"@id":"https:\/\/planeurmaubeuge.fr\/#organization"},"potentialAction":[{"@type":"SearchAction","target":{"@type":"EntryPoint","urlTemplate":"https:\/\/planeurmaubeuge.fr\/?s={search_term_string}"},"query-input":{"@type":"PropertyValueSpecification","valueRequired":true,"valueName":"search_term_string"}}],"inLanguage":"fr-FR"},{"@type":"Organization","@id":"https:\/\/planeurmaubeuge.fr\/#organization","name":"Planeur Maubeuge - CAVA","url":"https:\/\/planeurmaubeuge.fr\/","logo":{"@type":"ImageObject","inLanguage":"fr-FR","@id":"https:\/\/planeurmaubeuge.fr\/#\/schema\/logo\/image\/","url":"http:\/\/planeurmaubeuge.fr\/wp-content\/uploads\/2020\/03\/Logo_CAVA_Bleu.png","contentUrl":"http:\/\/planeurmaubeuge.fr\/wp-content\/uploads\/2020\/03\/Logo_CAVA_Bleu.png","width":4125,"height":3653,"caption":"Planeur Maubeuge - CAVA"},"image":{"@id":"https:\/\/planeurmaubeuge.fr\/#\/schema\/logo\/image\/"},"sameAs":["https:\/\/www.facebook.com\/PlaneurMaubeuge\/","https:\/\/www.instagram.com\/planeur_maubeuge\/"]}]}},"_links":{"self":[{"href":"https:\/\/planeurmaubeuge.fr\/index.php\/wp-json\/wp\/v2\/pages\/32","targetHints":{"allow":["GET"]}}],"collection":[{"href":"https:\/\/planeurmaubeuge.fr\/index.php\/wp-json\/wp\/v2\/pages"}],"about":[{"href":"https:\/\/planeurmaubeuge.fr\/index.php\/wp-json\/wp\/v2\/types\/page"}],"author":[{"embeddable":true,"href":"https:\/\/planeurmaubeuge.fr\/index.php\/wp-json\/wp\/v2\/users\/1"}],"replies":[{"embeddable":true,"href":"https:\/\/planeurmaubeuge.fr\/index.php\/wp-json\/wp\/v2\/comments?post=32"}],"version-history":[{"count":8,"href":"https:\/\/planeurmaubeuge.fr\/index.php\/wp-json\/wp\/v2\/pages\/32\/revisions"}],"predecessor-version":[{"id":349,"href":"https:\/\/planeurmaubeuge.fr\/index.php\/wp-json\/wp\/v2\/pages\/32\/revisions\/349"}],"wp:attachment":[{"href":"https:\/\/planeurmaubeuge.fr\/index.php\/wp-json\/wp\/v2\/media?parent=32"}],"curies":[{"name":"wp","href":"https:\/\/api.w.org\/{rel}","templated":true}]}}