{"id":35,"date":"2020-03-08T22:42:16","date_gmt":"2020-03-08T21:42:16","guid":{"rendered":"http:\/\/planeurmaubeuge.fr\/?page_id=35"},"modified":"2020-04-02T10:18:26","modified_gmt":"2020-04-02T08:18:26","slug":"les-installations","status":"publish","type":"page","link":"https:\/\/planeurmaubeuge.fr\/index.php\/les-installations\/","title":{"rendered":"Les installations"},"content":{"rendered":"\n<h4 class=\"wp-block-heading\">L&rsquo;a\u00e9rodrome de Maubeuge<\/h4>\n\n\n\n<p>Situ\u00e9 \u00e0 quelques kilom\u00e8tres de la fronti\u00e8re franco-belge, l&rsquo;a\u00e9rodrome de Maubeuge-Elesmes est un terrain id\u00e9al pour la pratique des loisirs a\u00e9ronautiques au coeur de l&rsquo;Avesnois.  Dot\u00e9 de trois pistes, de nombreux hangars, il accueille de nombreuses activit\u00e9s comme l&rsquo;avion, l&rsquo;ULM, le parachutiste, le para-moteur et bien s\u00fbr : les planeurs !<\/p>\n\n\n\n<p>Loin des grands a\u00e9roports fran\u00e7ais ou belges, l&rsquo;espace a\u00e9rien au dessus de l&rsquo;Avesnois est de classe G (non-contr\u00f4l\u00e9).<\/p>\n\n\n\n<figure class=\"wp-block-image size-large\"><img loading=\"lazy\" decoding=\"async\" width=\"1024\" height=\"683\" src=\"http:\/\/planeurmaubeuge.fr\/wp-content\/uploads\/2020\/03\/back6-1024x683.jpg\" alt=\"\" class=\"wp-image-121\" srcset=\"https:\/\/planeurmaubeuge.fr\/wp-content\/uploads\/2020\/03\/back6-1024x683.jpg 1024w, https:\/\/planeurmaubeuge.fr\/wp-content\/uploads\/2020\/03\/back6-300x200.jpg 300w, https:\/\/planeurmaubeuge.fr\/wp-content\/uploads\/2020\/03\/back6-768x512.jpg 768w, https:\/\/planeurmaubeuge.fr\/wp-content\/uploads\/2020\/03\/back6-1536x1024.jpg 1536w, https:\/\/planeurmaubeuge.fr\/wp-content\/uploads\/2020\/03\/back6-2048x1365.jpg 2048w\" sizes=\"auto, (max-width: 1024px) 100vw, 1024px\" \/><\/figure>\n\n\n\n<h4 class=\"wp-block-heading\">La carte VAC de l&rsquo;a\u00e9rodrome<\/h4>\n\n\n\n<figure class=\"wp-block-image size-large\"><img loading=\"lazy\" decoding=\"async\" width=\"870\" height=\"649\" src=\"http:\/\/planeurmaubeuge.fr\/wp-content\/uploads\/2020\/04\/Capture-d\u2019\u00e9cran-2020-04-01-\u00e0-23.33.28.png\" alt=\"\" class=\"wp-image-279\" srcset=\"https:\/\/planeurmaubeuge.fr\/wp-content\/uploads\/2020\/04\/Capture-d\u2019\u00e9cran-2020-04-01-\u00e0-23.33.28.png 870w, https:\/\/planeurmaubeuge.fr\/wp-content\/uploads\/2020\/04\/Capture-d\u2019\u00e9cran-2020-04-01-\u00e0-23.33.28-300x224.png 300w, https:\/\/planeurmaubeuge.fr\/wp-content\/uploads\/2020\/04\/Capture-d\u2019\u00e9cran-2020-04-01-\u00e0-23.33.28-768x573.png 768w\" sizes=\"auto, (max-width: 870px) 100vw, 870px\" \/><\/figure>\n\n\n\n<div class=\"wp-block-file\"><a href=\"http:\/\/planeurmaubeuge.fr\/wp-content\/uploads\/2020\/03\/AD-2.LFQJ_.pdf\">Carte VAC Compl\u00e8te<\/a><a href=\"http:\/\/planeurmaubeuge.fr\/wp-content\/uploads\/2020\/03\/AD-2.LFQJ_.pdf\" class=\"wp-block-file__button\" download>T\u00e9l\u00e9charger<\/a><\/div>\n\n\n\n<h4 class=\"wp-block-heading\">La carte OACI de la r\u00e9gion de Maubeuge<\/h4>\n\n\n\n<figure class=\"wp-block-image alignwide size-large\"><img loading=\"lazy\" decoding=\"async\" width=\"1024\" height=\"590\" src=\"http:\/\/planeurmaubeuge.fr\/wp-content\/uploads\/2020\/03\/OACI-1024x590.png\" alt=\"\" class=\"wp-image-245\" srcset=\"https:\/\/planeurmaubeuge.fr\/wp-content\/uploads\/2020\/03\/OACI-1024x590.png 1024w, https:\/\/planeurmaubeuge.fr\/wp-content\/uploads\/2020\/03\/OACI-300x173.png 300w, https:\/\/planeurmaubeuge.fr\/wp-content\/uploads\/2020\/03\/OACI-768x442.png 768w, https:\/\/planeurmaubeuge.fr\/wp-content\/uploads\/2020\/03\/OACI-1536x885.png 1536w, https:\/\/planeurmaubeuge.fr\/wp-content\/uploads\/2020\/03\/OACI.png 1552w\" sizes=\"auto, (max-width: 1024px) 100vw, 1024px\" \/><\/figure>\n","protected":false},"excerpt":{"rendered":"<p>L&rsquo;a\u00e9rodrome de Maubeuge Situ\u00e9 \u00e0 quelques kilom\u00e8tres de la fronti\u00e8re franco-belge, l&rsquo;a\u00e9rodrome de Maubeuge-Elesmes est un terrain id\u00e9al pour la pratique des loisirs a\u00e9ronautiques au&#8230;<\/p>\n","protected":false},"author":1,"featured_media":0,"parent":0,"menu_order":0,"comment_status":"closed","ping_status":"closed","template":"","meta":{"footnotes":""},"class_list":["post-35","page","type-page","status-publish","hentry"],"yoast_head":"<!-- This site is optimized with the Yoast SEO plugin v27.4 - https:\/\/yoast.com\/product\/yoast-seo-wordpress\/ -->\n<title>Les installations &#8212; Planeur Maubeuge<\/title>\n<meta name=\"robots\" content=\"index, follow, max-snippet:-1, max-image-preview:large, max-video-preview:-1\" \/>\n<link rel=\"canonical\" href=\"https:\/\/planeurmaubeuge.fr\/index.php\/les-installations\/\" \/>\n<meta property=\"og:locale\" content=\"fr_FR\" \/>\n<meta property=\"og:type\" content=\"article\" \/>\n<meta property=\"og:title\" content=\"Les installations &#8212; Planeur Maubeuge\" \/>\n<meta property=\"og:description\" content=\"L&rsquo;a\u00e9rodrome de Maubeuge Situ\u00e9 \u00e0 quelques kilom\u00e8tres de la fronti\u00e8re franco-belge, l&rsquo;a\u00e9rodrome de Maubeuge-Elesmes est un terrain id\u00e9al pour la pratique des loisirs a\u00e9ronautiques au...\" \/>\n<meta property=\"og:url\" content=\"https:\/\/planeurmaubeuge.fr\/index.php\/les-installations\/\" \/>\n<meta property=\"og:site_name\" content=\"Planeur Maubeuge\" \/>\n<meta property=\"article:publisher\" content=\"https:\/\/www.facebook.com\/PlaneurMaubeuge\/\" \/>\n<meta property=\"article:modified_time\" content=\"2020-04-02T08:18:26+00:00\" \/>\n<meta property=\"og:image\" content=\"http:\/\/planeurmaubeuge.fr\/wp-content\/uploads\/2020\/03\/back6-1024x683.jpg\" \/>\n<meta name=\"twitter:card\" content=\"summary_large_image\" \/>\n<meta name=\"twitter:label1\" content=\"Dur\u00e9e de lecture estim\u00e9e\" \/>\n\t<meta name=\"twitter:data1\" content=\"1 minute\" \/>\n<script type=\"application\/ld+json\" class=\"yoast-schema-graph\">{\"@context\":\"https:\\\/\\\/schema.org\",\"@graph\":[{\"@type\":\"WebPage\",\"@id\":\"https:\\\/\\\/planeurmaubeuge.fr\\\/index.php\\\/les-installations\\\/\",\"url\":\"https:\\\/\\\/planeurmaubeuge.fr\\\/index.php\\\/les-installations\\\/\",\"name\":\"Les installations &#8212; Planeur Maubeuge\",\"isPartOf\":{\"@id\":\"https:\\\/\\\/planeurmaubeuge.fr\\\/#website\"},\"primaryImageOfPage\":{\"@id\":\"https:\\\/\\\/planeurmaubeuge.fr\\\/index.php\\\/les-installations\\\/#primaryimage\"},\"image\":{\"@id\":\"https:\\\/\\\/planeurmaubeuge.fr\\\/index.php\\\/les-installations\\\/#primaryimage\"},\"thumbnailUrl\":\"http:\\\/\\\/planeurmaubeuge.fr\\\/wp-content\\\/uploads\\\/2020\\\/03\\\/back6-1024x683.jpg\",\"datePublished\":\"2020-03-08T21:42:16+00:00\",\"dateModified\":\"2020-04-02T08:18:26+00:00\",\"breadcrumb\":{\"@id\":\"https:\\\/\\\/planeurmaubeuge.fr\\\/index.php\\\/les-installations\\\/#breadcrumb\"},\"inLanguage\":\"fr-FR\",\"potentialAction\":[{\"@type\":\"ReadAction\",\"target\":[\"https:\\\/\\\/planeurmaubeuge.fr\\\/index.php\\\/les-installations\\\/\"]}]},{\"@type\":\"ImageObject\",\"inLanguage\":\"fr-FR\",\"@id\":\"https:\\\/\\\/planeurmaubeuge.fr\\\/index.php\\\/les-installations\\\/#primaryimage\",\"url\":\"https:\\\/\\\/planeurmaubeuge.fr\\\/wp-content\\\/uploads\\\/2020\\\/03\\\/back6-scaled.jpg\",\"contentUrl\":\"https:\\\/\\\/planeurmaubeuge.fr\\\/wp-content\\\/uploads\\\/2020\\\/03\\\/back6-scaled.jpg\",\"width\":2560,\"height\":1707},{\"@type\":\"BreadcrumbList\",\"@id\":\"https:\\\/\\\/planeurmaubeuge.fr\\\/index.php\\\/les-installations\\\/#breadcrumb\",\"itemListElement\":[{\"@type\":\"ListItem\",\"position\":1,\"name\":\"Accueil\",\"item\":\"https:\\\/\\\/planeurmaubeuge.fr\\\/\"},{\"@type\":\"ListItem\",\"position\":2,\"name\":\"Les installations\"}]},{\"@type\":\"WebSite\",\"@id\":\"https:\\\/\\\/planeurmaubeuge.fr\\\/#website\",\"url\":\"https:\\\/\\\/planeurmaubeuge.fr\\\/\",\"name\":\"PlaneurMaubeuge\",\"description\":\"CAVA\",\"publisher\":{\"@id\":\"https:\\\/\\\/planeurmaubeuge.fr\\\/#organization\"},\"potentialAction\":[{\"@type\":\"SearchAction\",\"target\":{\"@type\":\"EntryPoint\",\"urlTemplate\":\"https:\\\/\\\/planeurmaubeuge.fr\\\/?s={search_term_string}\"},\"query-input\":{\"@type\":\"PropertyValueSpecification\",\"valueRequired\":true,\"valueName\":\"search_term_string\"}}],\"inLanguage\":\"fr-FR\"},{\"@type\":\"Organization\",\"@id\":\"https:\\\/\\\/planeurmaubeuge.fr\\\/#organization\",\"name\":\"Planeur Maubeuge - CAVA\",\"url\":\"https:\\\/\\\/planeurmaubeuge.fr\\\/\",\"logo\":{\"@type\":\"ImageObject\",\"inLanguage\":\"fr-FR\",\"@id\":\"https:\\\/\\\/planeurmaubeuge.fr\\\/#\\\/schema\\\/logo\\\/image\\\/\",\"url\":\"http:\\\/\\\/planeurmaubeuge.fr\\\/wp-content\\\/uploads\\\/2020\\\/03\\\/Logo_CAVA_Bleu.png\",\"contentUrl\":\"http:\\\/\\\/planeurmaubeuge.fr\\\/wp-content\\\/uploads\\\/2020\\\/03\\\/Logo_CAVA_Bleu.png\",\"width\":4125,\"height\":3653,\"caption\":\"Planeur Maubeuge - CAVA\"},\"image\":{\"@id\":\"https:\\\/\\\/planeurmaubeuge.fr\\\/#\\\/schema\\\/logo\\\/image\\\/\"},\"sameAs\":[\"https:\\\/\\\/www.facebook.com\\\/PlaneurMaubeuge\\\/\",\"https:\\\/\\\/www.instagram.com\\\/planeur_maubeuge\\\/\"]}]}<\/script>\n<!-- \/ Yoast SEO plugin. -->","yoast_head_json":{"title":"Les installations &#8212; Planeur Maubeuge","robots":{"index":"index","follow":"follow","max-snippet":"max-snippet:-1","max-image-preview":"max-image-preview:large","max-video-preview":"max-video-preview:-1"},"canonical":"https:\/\/planeurmaubeuge.fr\/index.php\/les-installations\/","og_locale":"fr_FR","og_type":"article","og_title":"Les installations &#8212; Planeur Maubeuge","og_description":"L&rsquo;a\u00e9rodrome de Maubeuge Situ\u00e9 \u00e0 quelques kilom\u00e8tres de la fronti\u00e8re franco-belge, l&rsquo;a\u00e9rodrome de Maubeuge-Elesmes est un terrain id\u00e9al pour la pratique des loisirs a\u00e9ronautiques au...","og_url":"https:\/\/planeurmaubeuge.fr\/index.php\/les-installations\/","og_site_name":"Planeur Maubeuge","article_publisher":"https:\/\/www.facebook.com\/PlaneurMaubeuge\/","article_modified_time":"2020-04-02T08:18:26+00:00","og_image":[{"url":"http:\/\/planeurmaubeuge.fr\/wp-content\/uploads\/2020\/03\/back6-1024x683.jpg","type":"","width":"","height":""}],"twitter_card":"summary_large_image","twitter_misc":{"Dur\u00e9e de lecture estim\u00e9e":"1 minute"},"schema":{"@context":"https:\/\/schema.org","@graph":[{"@type":"WebPage","@id":"https:\/\/planeurmaubeuge.fr\/index.php\/les-installations\/","url":"https:\/\/planeurmaubeuge.fr\/index.php\/les-installations\/","name":"Les installations &#8212; Planeur Maubeuge","isPartOf":{"@id":"https:\/\/planeurmaubeuge.fr\/#website"},"primaryImageOfPage":{"@id":"https:\/\/planeurmaubeuge.fr\/index.php\/les-installations\/#primaryimage"},"image":{"@id":"https:\/\/planeurmaubeuge.fr\/index.php\/les-installations\/#primaryimage"},"thumbnailUrl":"http:\/\/planeurmaubeuge.fr\/wp-content\/uploads\/2020\/03\/back6-1024x683.jpg","datePublished":"2020-03-08T21:42:16+00:00","dateModified":"2020-04-02T08:18:26+00:00","breadcrumb":{"@id":"https:\/\/planeurmaubeuge.fr\/index.php\/les-installations\/#breadcrumb"},"inLanguage":"fr-FR","potentialAction":[{"@type":"ReadAction","target":["https:\/\/planeurmaubeuge.fr\/index.php\/les-installations\/"]}]},{"@type":"ImageObject","inLanguage":"fr-FR","@id":"https:\/\/planeurmaubeuge.fr\/index.php\/les-installations\/#primaryimage","url":"https:\/\/planeurmaubeuge.fr\/wp-content\/uploads\/2020\/03\/back6-scaled.jpg","contentUrl":"https:\/\/planeurmaubeuge.fr\/wp-content\/uploads\/2020\/03\/back6-scaled.jpg","width":2560,"height":1707},{"@type":"BreadcrumbList","@id":"https:\/\/planeurmaubeuge.fr\/index.php\/les-installations\/#breadcrumb","itemListElement":[{"@type":"ListItem","position":1,"name":"Accueil","item":"https:\/\/planeurmaubeuge.fr\/"},{"@type":"ListItem","position":2,"name":"Les installations"}]},{"@type":"WebSite","@id":"https:\/\/planeurmaubeuge.fr\/#website","url":"https:\/\/planeurmaubeuge.fr\/","name":"PlaneurMaubeuge","description":"CAVA","publisher":{"@id":"https:\/\/planeurmaubeuge.fr\/#organization"},"potentialAction":[{"@type":"SearchAction","target":{"@type":"EntryPoint","urlTemplate":"https:\/\/planeurmaubeuge.fr\/?s={search_term_string}"},"query-input":{"@type":"PropertyValueSpecification","valueRequired":true,"valueName":"search_term_string"}}],"inLanguage":"fr-FR"},{"@type":"Organization","@id":"https:\/\/planeurmaubeuge.fr\/#organization","name":"Planeur Maubeuge - CAVA","url":"https:\/\/planeurmaubeuge.fr\/","logo":{"@type":"ImageObject","inLanguage":"fr-FR","@id":"https:\/\/planeurmaubeuge.fr\/#\/schema\/logo\/image\/","url":"http:\/\/planeurmaubeuge.fr\/wp-content\/uploads\/2020\/03\/Logo_CAVA_Bleu.png","contentUrl":"http:\/\/planeurmaubeuge.fr\/wp-content\/uploads\/2020\/03\/Logo_CAVA_Bleu.png","width":4125,"height":3653,"caption":"Planeur Maubeuge - CAVA"},"image":{"@id":"https:\/\/planeurmaubeuge.fr\/#\/schema\/logo\/image\/"},"sameAs":["https:\/\/www.facebook.com\/PlaneurMaubeuge\/","https:\/\/www.instagram.com\/planeur_maubeuge\/"]}]}},"_links":{"self":[{"href":"https:\/\/planeurmaubeuge.fr\/index.php\/wp-json\/wp\/v2\/pages\/35","targetHints":{"allow":["GET"]}}],"collection":[{"href":"https:\/\/planeurmaubeuge.fr\/index.php\/wp-json\/wp\/v2\/pages"}],"about":[{"href":"https:\/\/planeurmaubeuge.fr\/index.php\/wp-json\/wp\/v2\/types\/page"}],"author":[{"embeddable":true,"href":"https:\/\/planeurmaubeuge.fr\/index.php\/wp-json\/wp\/v2\/users\/1"}],"replies":[{"embeddable":true,"href":"https:\/\/planeurmaubeuge.fr\/index.php\/wp-json\/wp\/v2\/comments?post=35"}],"version-history":[{"count":8,"href":"https:\/\/planeurmaubeuge.fr\/index.php\/wp-json\/wp\/v2\/pages\/35\/revisions"}],"predecessor-version":[{"id":283,"href":"https:\/\/planeurmaubeuge.fr\/index.php\/wp-json\/wp\/v2\/pages\/35\/revisions\/283"}],"wp:attachment":[{"href":"https:\/\/planeurmaubeuge.fr\/index.php\/wp-json\/wp\/v2\/media?parent=35"}],"curies":[{"name":"wp","href":"https:\/\/api.w.org\/{rel}","templated":true}]}}