{"id":36,"date":"2020-03-08T22:42:16","date_gmt":"2020-03-08T21:42:16","guid":{"rendered":"http:\/\/planeurmaubeuge.fr\/?page_id=36"},"modified":"2025-03-13T19:59:47","modified_gmt":"2025-03-13T18:59:47","slug":"les-tarifs","status":"publish","type":"page","link":"https:\/\/planeurmaubeuge.fr\/index.php\/les-tarifs\/","title":{"rendered":"Les tarifs"},"content":{"rendered":"\n<h3 class=\"wp-block-heading\">Les forfaits<\/h3>\n\n\n\n<ul class=\"wp-block-list\">\n<li><a href=\"http:\/\/planeurmaubeuge.fr\/index.php\/le-vol-dinitiation\/\">Vol d&rsquo;initiation<\/a> :   <strong>120\u20ac<\/strong><\/li>\n<\/ul>\n\n\n\n<p><font size=\"1\">Un vol d\u2019environ 30 minutes (suivant m\u00e9t\u00e9orologie), en planeur ou moto planeur. Frais d\u2019assurance compris.<\/font><\/p>\n\n\n\n<ul class=\"wp-block-list\">\n<li><a href=\"http:\/\/planeurmaubeuge.fr\/index.php\/forfaits-decouverte\/\">Forfait d\u00e9couverte<\/a>\n<ul class=\"wp-block-list\">\n<li><strong>3 vols : 220\u20ac<\/strong>     +50\u20ac (licence-assurance + cotisation)<\/li>\n\n\n\n<li><strong>6 vols : 350\u20ac<\/strong>     +75\u20ac (licence-assurance + cotisation)<\/li>\n<\/ul>\n<\/li>\n<\/ul>\n\n\n\n<p><font size=\"1\">Frais d&rsquo;assurance et cotisation compris<\/font><\/p>\n\n\n\n<ul class=\"wp-block-list\">\n<li><a href=\"http:\/\/planeurmaubeuge.fr\/index.php\/la-formation\/\">Forfait formation <\/a>\n<ul class=\"wp-block-list\">\n<li><strong>1500 \u20ac  <\/strong><\/li>\n<\/ul>\n<\/li>\n<\/ul>\n\n\n\n<div class=\"wp-block-group\"><div class=\"wp-block-group__inner-container is-layout-flow wp-block-group-is-layout-flow\">\n<p><font size=\"1\">Ce contrat garantit 30 vols de formation avec un instructeur. <br>\nHors licence-assurance, cotisation et e-learning. <br> \nCo\u00fbt du e-learning : -25 ans 50\u20ac, +25 ans 75\u20ac.<\/font><\/p>\n<\/div><\/div>\n\n\n\n<ul class=\"wp-block-list\">\n<li><a href=\"http:\/\/planeurmaubeuge.fr\/index.php\/pack-ouverts\/\">Pack ouvert <\/a>\n<ul class=\"wp-block-list\">\n<li><strong>3 jours de vol   :  50 \u20ac<\/strong> (renouvelable 1 fois) <strong>+ vols et remorquage au tarif  club<\/strong><\/li>\n\n\n\n<li><span style=\"font-size: 1rem;\"><strong>6 jours de vol  :   75 \u20ac<\/strong> (une fois par an) <strong>+ vols et remorquage au tarif club<\/strong><\/span><\/li>\n<\/ul>\n<\/li>\n<\/ul>\n\n\n\n<p><font size=\"1\">Journ\u00e9es cons\u00e9cutives ou non.<\/font><\/p>\n\n\n\n<h3 class=\"wp-block-heading\">Les tarifs horaires<\/h3>\n\n\n\n<style type=\"text\/css\">\n.tg  {border-collapse:collapse;border-spacing:0;}\n.tg td{border-style:none;}\n.tg th{border-style:none;}\n.tg .tg-baqh{text-align:center;vertical-align:top}\n<\/style>\n<table class=\"tg\">\n  <tbody><tr>\n    <td class=\"tg-baqh\">Planeur\n    <\/td><td class=\"tg-baqh\">PW 5\n    <\/td><td class=\"tg-baqh\">LS1 \/ Pegase\n    <\/td><td class=\"tg-baqh\">PW 6 \/ Marianne\n  <\/td><\/tr>\n  <tr>\n    <td class=\"tg-baqh\"><\/td>\n    <td class=\"tg-baqh\">21\u20ac\/h<\/td>\n    <td class=\"tg-baqh\">27\u20ac\/h<\/td>\n    <td class=\"tg-baqh\">30\u20ac\/h<\/td>\n  <\/tr>\n  <tr>\n    <td class=\"tg-baqh\">Gratuit apr\u00e8s : <\/td>\n    <td class=\"tg-baqh\" colspan=\"2\">5h<\/td>\n  <\/tr>\n  <tr>\n    <td class=\"tg-baqh\"><\/td>\n    <td class=\"tg-baqh\"><\/td>\n    <td class=\"tg-baqh\"><\/td>\n    <td class=\"tg-baqh\"><\/td>\n    <td class=\"tg-baqh\"><\/td>\n  <\/tr>\n  <tr>\n    <td class=\"tg-baqh\">Motoplaneur<\/td>\n    <td class=\"tg-baqh\">Cellule<\/td>\n    <td class=\"tg-baqh\">Moteur<\/td>\n    <td class=\"tg-baqh\"><\/td>\n    <td class=\"tg-baqh\"><\/td>\n  <\/tr>\n<tr>\n    <td class=\"tg-baqh\"><\/td>\n    <td class=\"tg-baqh\">25\u20ac\/h<\/td>\n    <td class=\"tg-baqh\">60\u20ac\/h<\/td>\n    <td class=\"tg-baqh\"><\/td>\n    <td class=\"tg-baqh\"><\/td>\n  <\/tr>\n<tr>\n    <td class=\"tg-baqh\"><\/td>\n    <td class=\"tg-baqh\"><\/td>\n    <td class=\"tg-baqh\"><\/td>\n    <td class=\"tg-baqh\"><\/td>\n    <td class=\"tg-baqh\"><\/td>\n  <\/tr>\n  <tr>\n    <td class=\"tg-baqh\">ULM<\/td>\n    <td class=\"tg-baqh\">Ikarus<\/td>\n    <td class=\"tg-baqh\"><\/td>\n    <td class=\"tg-baqh\"><\/td>\n    <td class=\"tg-baqh\"><\/td>\n  <\/tr>\n<tr>\n    <td class=\"tg-baqh\"><\/td>\n    <td class=\"tg-baqh\">90\u20ac\/h<\/td>\n<td class=\"tg-baqh\" rowspan=\"2\" colspan=\"3\"><font size=\"2\">(pilotes remorqueurs (form\u00e9s ou en formation) et m\u00e9caniciens exclusivement)<\/font><\/td>\n  <\/tr>\n<\/tbody><\/table>\n\n\n\n<p class=\"has-text-align-center\"><strong>Tarif d\u00e9gressif<\/strong>&nbsp;sur les heures&nbsp;<strong>cellules<\/strong>&nbsp;des planeurs et moto planeurs: 0 \u00e0 10 H tarif plein , puis&nbsp;<strong>10% de r\u00e9duction&nbsp;toutes les 10 heures<\/strong><br><strong>Gratuit\u00e9 au-del\u00e0 de 1000&nbsp;\u20ac pay\u00e9s sur les cellules.<\/strong><\/p>\n\n\n\n<h3 class=\"wp-block-heading\">Remorquage<\/h3>\n\n\n\n<ul class=\"wp-block-list\">\n<li><strong>Membres club : <\/strong>\n<ul class=\"wp-block-list\">\n<li><strong>2.00\u00a0\u20ac\u00a0\/ Cth\u00a0(3.33 \u20ac \/ min)\u00a0<\/strong><\/li>\n\n\n\n<li><strong>1er remorqu\u00e9 de la journ\u00e9e : 27\u20ac minimum<\/strong><\/li>\n<\/ul>\n<\/li>\n\n\n\n<li><strong>Ext\u00e9rieurs : 55 \u20ac<\/strong><\/li>\n<\/ul>\n\n\n\n<h3 class=\"wp-block-heading\">Assurance et cotisation<\/h3>\n\n\n\n<style type=\"text\/css\">\n.tg  {border-collapse:collapse;border-spacing:0;}\n.tg td{border-style:none;}\n.tg th{border-style:none;}\n.tg .tg-baqh{text-align:center;vertical-align:top}\n<\/style>\n<table class=\"tg\">\n  <tbody><tr>\n    <td class=\"tg-baqh\"> \n    <\/td><td class=\"tg-baqh\">&#8211; 25 ans\n    <\/td><td class=\"tg-baqh\">+ 25 ans\n  <\/td><\/tr>\n  <tr>\n    <td class=\"tg-baqh\">Assurance<\/td>\n    <td class=\"tg-baqh\">92.06 \u20ac<\/td>\n    <td class=\"tg-baqh\">197.06 \u20ac<\/td>\n  <\/tr>\n  <tr>\n    <td class=\"tg-baqh\">Cotisation<\/td>\n    <td class=\"tg-baqh\">100 \u20ac<\/td>\n    <td class=\"tg-baqh\">200 \u20ac<\/td>\n  <\/tr>\n<\/tbody><\/table>\n\n\n\n<p><font size=\"1\">Association loi de 1901 d\u00e9clar\u00e9e \u00e0 Avesnes sur Helpe sous le num\u00e9ro 2667 publi\u00e9 au J.O. du 29 11 1979  <br> Affili\u00e9 F.F.V.V. num\u00e9ro 128 Agr\u00e9\u00e9e Jeunesse et Sport num\u00e9ro 59 S 944\/S1.<\/font><\/p>\n","protected":false},"excerpt":{"rendered":"<p>Les forfaits Un vol d\u2019environ 30 minutes (suivant m\u00e9t\u00e9orologie), en planeur ou moto planeur. Frais d\u2019assurance compris. Frais d&rsquo;assurance et cotisation compris Ce contrat garantit&#8230;<\/p>\n","protected":false},"author":1,"featured_media":0,"parent":0,"menu_order":0,"comment_status":"closed","ping_status":"closed","template":"","meta":{"footnotes":""},"class_list":["post-36","page","type-page","status-publish","hentry"],"yoast_head":"<!-- This site is optimized with the Yoast SEO plugin v27.4 - https:\/\/yoast.com\/product\/yoast-seo-wordpress\/ -->\n<title>Les tarifs &#8212; Planeur Maubeuge<\/title>\n<meta name=\"robots\" content=\"index, follow, max-snippet:-1, max-image-preview:large, max-video-preview:-1\" \/>\n<link rel=\"canonical\" href=\"https:\/\/planeurmaubeuge.fr\/index.php\/les-tarifs\/\" \/>\n<meta property=\"og:locale\" content=\"fr_FR\" \/>\n<meta property=\"og:type\" content=\"article\" \/>\n<meta property=\"og:title\" content=\"Les tarifs &#8212; Planeur Maubeuge\" \/>\n<meta property=\"og:description\" content=\"Les forfaits Un vol d\u2019environ 30 minutes (suivant m\u00e9t\u00e9orologie), en planeur ou moto planeur. Frais d\u2019assurance compris. Frais d&rsquo;assurance et cotisation compris Ce contrat garantit...\" \/>\n<meta property=\"og:url\" content=\"https:\/\/planeurmaubeuge.fr\/index.php\/les-tarifs\/\" \/>\n<meta property=\"og:site_name\" content=\"Planeur Maubeuge\" \/>\n<meta property=\"article:publisher\" content=\"https:\/\/www.facebook.com\/PlaneurMaubeuge\/\" \/>\n<meta property=\"article:modified_time\" content=\"2025-03-13T18:59:47+00:00\" \/>\n<meta name=\"twitter:card\" content=\"summary_large_image\" \/>\n<meta name=\"twitter:label1\" content=\"Dur\u00e9e de lecture estim\u00e9e\" \/>\n\t<meta name=\"twitter:data1\" content=\"2 minutes\" \/>\n<script type=\"application\/ld+json\" class=\"yoast-schema-graph\">{\"@context\":\"https:\\\/\\\/schema.org\",\"@graph\":[{\"@type\":\"WebPage\",\"@id\":\"https:\\\/\\\/planeurmaubeuge.fr\\\/index.php\\\/les-tarifs\\\/\",\"url\":\"https:\\\/\\\/planeurmaubeuge.fr\\\/index.php\\\/les-tarifs\\\/\",\"name\":\"Les tarifs &#8212; Planeur Maubeuge\",\"isPartOf\":{\"@id\":\"https:\\\/\\\/planeurmaubeuge.fr\\\/#website\"},\"datePublished\":\"2020-03-08T21:42:16+00:00\",\"dateModified\":\"2025-03-13T18:59:47+00:00\",\"breadcrumb\":{\"@id\":\"https:\\\/\\\/planeurmaubeuge.fr\\\/index.php\\\/les-tarifs\\\/#breadcrumb\"},\"inLanguage\":\"fr-FR\",\"potentialAction\":[{\"@type\":\"ReadAction\",\"target\":[\"https:\\\/\\\/planeurmaubeuge.fr\\\/index.php\\\/les-tarifs\\\/\"]}]},{\"@type\":\"BreadcrumbList\",\"@id\":\"https:\\\/\\\/planeurmaubeuge.fr\\\/index.php\\\/les-tarifs\\\/#breadcrumb\",\"itemListElement\":[{\"@type\":\"ListItem\",\"position\":1,\"name\":\"Accueil\",\"item\":\"https:\\\/\\\/planeurmaubeuge.fr\\\/\"},{\"@type\":\"ListItem\",\"position\":2,\"name\":\"Les tarifs\"}]},{\"@type\":\"WebSite\",\"@id\":\"https:\\\/\\\/planeurmaubeuge.fr\\\/#website\",\"url\":\"https:\\\/\\\/planeurmaubeuge.fr\\\/\",\"name\":\"PlaneurMaubeuge\",\"description\":\"CAVA\",\"publisher\":{\"@id\":\"https:\\\/\\\/planeurmaubeuge.fr\\\/#organization\"},\"potentialAction\":[{\"@type\":\"SearchAction\",\"target\":{\"@type\":\"EntryPoint\",\"urlTemplate\":\"https:\\\/\\\/planeurmaubeuge.fr\\\/?s={search_term_string}\"},\"query-input\":{\"@type\":\"PropertyValueSpecification\",\"valueRequired\":true,\"valueName\":\"search_term_string\"}}],\"inLanguage\":\"fr-FR\"},{\"@type\":\"Organization\",\"@id\":\"https:\\\/\\\/planeurmaubeuge.fr\\\/#organization\",\"name\":\"Planeur Maubeuge - CAVA\",\"url\":\"https:\\\/\\\/planeurmaubeuge.fr\\\/\",\"logo\":{\"@type\":\"ImageObject\",\"inLanguage\":\"fr-FR\",\"@id\":\"https:\\\/\\\/planeurmaubeuge.fr\\\/#\\\/schema\\\/logo\\\/image\\\/\",\"url\":\"http:\\\/\\\/planeurmaubeuge.fr\\\/wp-content\\\/uploads\\\/2020\\\/03\\\/Logo_CAVA_Bleu.png\",\"contentUrl\":\"http:\\\/\\\/planeurmaubeuge.fr\\\/wp-content\\\/uploads\\\/2020\\\/03\\\/Logo_CAVA_Bleu.png\",\"width\":4125,\"height\":3653,\"caption\":\"Planeur Maubeuge - CAVA\"},\"image\":{\"@id\":\"https:\\\/\\\/planeurmaubeuge.fr\\\/#\\\/schema\\\/logo\\\/image\\\/\"},\"sameAs\":[\"https:\\\/\\\/www.facebook.com\\\/PlaneurMaubeuge\\\/\",\"https:\\\/\\\/www.instagram.com\\\/planeur_maubeuge\\\/\"]}]}<\/script>\n<!-- \/ Yoast SEO plugin. -->","yoast_head_json":{"title":"Les tarifs &#8212; Planeur Maubeuge","robots":{"index":"index","follow":"follow","max-snippet":"max-snippet:-1","max-image-preview":"max-image-preview:large","max-video-preview":"max-video-preview:-1"},"canonical":"https:\/\/planeurmaubeuge.fr\/index.php\/les-tarifs\/","og_locale":"fr_FR","og_type":"article","og_title":"Les tarifs &#8212; Planeur Maubeuge","og_description":"Les forfaits Un vol d\u2019environ 30 minutes (suivant m\u00e9t\u00e9orologie), en planeur ou moto planeur. Frais d\u2019assurance compris. Frais d&rsquo;assurance et cotisation compris Ce contrat garantit...","og_url":"https:\/\/planeurmaubeuge.fr\/index.php\/les-tarifs\/","og_site_name":"Planeur Maubeuge","article_publisher":"https:\/\/www.facebook.com\/PlaneurMaubeuge\/","article_modified_time":"2025-03-13T18:59:47+00:00","twitter_card":"summary_large_image","twitter_misc":{"Dur\u00e9e de lecture estim\u00e9e":"2 minutes"},"schema":{"@context":"https:\/\/schema.org","@graph":[{"@type":"WebPage","@id":"https:\/\/planeurmaubeuge.fr\/index.php\/les-tarifs\/","url":"https:\/\/planeurmaubeuge.fr\/index.php\/les-tarifs\/","name":"Les tarifs &#8212; Planeur Maubeuge","isPartOf":{"@id":"https:\/\/planeurmaubeuge.fr\/#website"},"datePublished":"2020-03-08T21:42:16+00:00","dateModified":"2025-03-13T18:59:47+00:00","breadcrumb":{"@id":"https:\/\/planeurmaubeuge.fr\/index.php\/les-tarifs\/#breadcrumb"},"inLanguage":"fr-FR","potentialAction":[{"@type":"ReadAction","target":["https:\/\/planeurmaubeuge.fr\/index.php\/les-tarifs\/"]}]},{"@type":"BreadcrumbList","@id":"https:\/\/planeurmaubeuge.fr\/index.php\/les-tarifs\/#breadcrumb","itemListElement":[{"@type":"ListItem","position":1,"name":"Accueil","item":"https:\/\/planeurmaubeuge.fr\/"},{"@type":"ListItem","position":2,"name":"Les tarifs"}]},{"@type":"WebSite","@id":"https:\/\/planeurmaubeuge.fr\/#website","url":"https:\/\/planeurmaubeuge.fr\/","name":"PlaneurMaubeuge","description":"CAVA","publisher":{"@id":"https:\/\/planeurmaubeuge.fr\/#organization"},"potentialAction":[{"@type":"SearchAction","target":{"@type":"EntryPoint","urlTemplate":"https:\/\/planeurmaubeuge.fr\/?s={search_term_string}"},"query-input":{"@type":"PropertyValueSpecification","valueRequired":true,"valueName":"search_term_string"}}],"inLanguage":"fr-FR"},{"@type":"Organization","@id":"https:\/\/planeurmaubeuge.fr\/#organization","name":"Planeur Maubeuge - CAVA","url":"https:\/\/planeurmaubeuge.fr\/","logo":{"@type":"ImageObject","inLanguage":"fr-FR","@id":"https:\/\/planeurmaubeuge.fr\/#\/schema\/logo\/image\/","url":"http:\/\/planeurmaubeuge.fr\/wp-content\/uploads\/2020\/03\/Logo_CAVA_Bleu.png","contentUrl":"http:\/\/planeurmaubeuge.fr\/wp-content\/uploads\/2020\/03\/Logo_CAVA_Bleu.png","width":4125,"height":3653,"caption":"Planeur Maubeuge - CAVA"},"image":{"@id":"https:\/\/planeurmaubeuge.fr\/#\/schema\/logo\/image\/"},"sameAs":["https:\/\/www.facebook.com\/PlaneurMaubeuge\/","https:\/\/www.instagram.com\/planeur_maubeuge\/"]}]}},"_links":{"self":[{"href":"https:\/\/planeurmaubeuge.fr\/index.php\/wp-json\/wp\/v2\/pages\/36","targetHints":{"allow":["GET"]}}],"collection":[{"href":"https:\/\/planeurmaubeuge.fr\/index.php\/wp-json\/wp\/v2\/pages"}],"about":[{"href":"https:\/\/planeurmaubeuge.fr\/index.php\/wp-json\/wp\/v2\/types\/page"}],"author":[{"embeddable":true,"href":"https:\/\/planeurmaubeuge.fr\/index.php\/wp-json\/wp\/v2\/users\/1"}],"replies":[{"embeddable":true,"href":"https:\/\/planeurmaubeuge.fr\/index.php\/wp-json\/wp\/v2\/comments?post=36"}],"version-history":[{"count":20,"href":"https:\/\/planeurmaubeuge.fr\/index.php\/wp-json\/wp\/v2\/pages\/36\/revisions"}],"predecessor-version":[{"id":417,"href":"https:\/\/planeurmaubeuge.fr\/index.php\/wp-json\/wp\/v2\/pages\/36\/revisions\/417"}],"wp:attachment":[{"href":"https:\/\/planeurmaubeuge.fr\/index.php\/wp-json\/wp\/v2\/media?parent=36"}],"curies":[{"name":"wp","href":"https:\/\/api.w.org\/{rel}","templated":true}]}}